{"id":10113,"date":"2021-07-21T09:28:25","date_gmt":"2021-07-21T07:28:25","guid":{"rendered":"https:\/\/luckydiamonds.lt\/konfidencialitates-politika\/"},"modified":"2025-02-09T20:10:49","modified_gmt":"2025-02-09T18:10:49","slug":"konfidencialitates-politika","status":"publish","type":"page","link":"https:\/\/luckydiamonds.lt\/lv\/konfidencialitates-politika\/","title":{"rendered":"Konfidencialit\u0101tes politika"},"content":{"rendered":"\t\t<div data-elementor-type=\"wp-page\" data-elementor-id=\"10113\" class=\"elementor elementor-10113 elementor-3\" data-elementor-settings=\"[]\">\n\t\t\t\t\t\t\t<div class=\"elementor-section-wrap\">\n\t\t\t\t\t\t\t<section class=\"elementor-section elementor-top-section elementor-element elementor-element-7c85fb3 elementor-section-boxed elementor-section-height-default elementor-section-height-default\" data-id=\"7c85fb3\" data-element_type=\"section\" data-settings=\"{&quot;_ha_eqh_enable&quot;:false}\">\n\t\t\t\t\t\t<div class=\"elementor-container elementor-column-gap-default\">\n\t\t\t\t\t<div class=\"elementor-column elementor-col-100 elementor-top-column elementor-element elementor-element-cb84951\" data-id=\"cb84951\" data-element_type=\"column\">\n\t\t\t<div class=\"elementor-widget-wrap elementor-element-populated\">\n\t\t\t\t\t\t\t\t<div class=\"elementor-element elementor-element-af411e5 elementor-widget elementor-widget-text-editor\" data-id=\"af411e5\" data-element_type=\"widget\" data-widget_type=\"text-editor.default\">\n\t\t\t\t<div class=\"elementor-widget-container\">\n\t\t\t\t\t\t\t<p><\/p>\n<h4><span style=\"font-size: 2.5rem; font-weight: normal; color: #333333;\">PRIV\u0100TUMA POLITIKA<\/span><\/h4>\n<div><span style=\"font-size: 16px; color: #333333;\">&nbsp;<\/span><\/div>\n<h4><span style=\"color: #333333;\"><span style=\"font-size: 16px;\">\u0160aj\u0101 <\/span><strong style=\"font-size: 16px;\">luckydiamonds.lt<\/strong><span style=\"font-size: 16px;\"> konfidencialit\u0101tes politik\u0101 ir aprakst\u012bts, k\u0101du inform\u0101ciju m\u0113s apkopojam un k\u0101 m\u0113s to izmantojam.<\/span><\/span><\/h4>\n<h4><span style=\"color: #333333;\">1. K\u0101du inform\u0101ciju m\u0113s apkopojam?<\/span><br><span style=\"color: #333333;\">M\u0113s varam apkopot, uzglab\u0101t un izmantot \u0161\u0101da veida inform\u0101ciju:<\/span><br><span style=\"color: #333333;\">\u2022 inform\u0101cija par j\u016bsu datoru un par \u0161\u012bs t\u012bmek\u013ca vietnes apmekl\u0113jumiem un \u0161\u012bs vietnes izmanto\u0161anu (tostarp j\u016bsu IP adrese, \u0123eogr\u0101fisk\u0101 atra\u0161an\u0101s vieta, p\u0101rl\u016bkprogrammas veids, no kurienes j\u016bs tik\u0101t novirz\u012bts, apmekl\u0113juma ilgums un lapas skat\u012bjumu skaits);<\/span><\/h4>\n<h4><span style=\"color: #333333;\">\u2022 inform\u0101cija, kuru j\u016bs mums sniedzat, lai abon\u0113tu m\u016bsu t\u012bmek\u013ca vietnes pakalpojumus, e-pasta pazi\u0146ojumus un \/ vai bi\u013cetenus;<\/span><br><span style=\"color: #333333;\">\u2022 jebkuru citu inform\u0101ciju, ko j\u016bs mums nos\u016bt\u0101t p\u0113c savas izv\u0113les.<\/span><\/h4>\n<h4><span style=\"color: #333333;\">2. S\u012bkdatnes<\/span><br><span style=\"color: #333333;\">S\u012bkfails satur inform\u0101ciju, ko t\u012bmek\u013ca serveris nos\u016bta t\u012bmek\u013ca p\u0101rl\u016bkprogrammai un ko p\u0101rl\u016bkprogramma saglab\u0101. P\u0113c tam \u0161\u012b inform\u0101cija tiek nos\u016bt\u012bta atpaka\u013c uz serveri katru reizi, kad p\u0101rl\u016bkprogramma pieprasa lapu no \u0161\u012b servera. Tas \u013cauj \u0161im t\u012bkla serverim identific\u0113t un izsekot t\u012bmek\u013ca p\u0101rl\u016bkprogrammu. M\u0113s izmantojam Google Analytics, lai analiz\u0113tu \u0161\u012bs vietnes izmanto\u0161anu. Google Analytics \u0123ener\u0113 statistikas un citu inform\u0101ciju par t\u012bmek\u013ca vietnes izmanto\u0161anu, izmantojot s\u012bkdatnes, kas tiek saglab\u0101tas lietot\u0101ju datoros. Inform\u0101cija, kas \u0123ener\u0113ta saist\u012bb\u0101 ar m\u016bsu t\u012bmek\u013ca vietni, tiek izmantota, lai izveidotu p\u0101rskatus par \u0161\u012bs t\u012bmek\u013ca vietnes izmanto\u0161anu. Google saglab\u0101s \u0161o inform\u0101ciju. Google konfidencialit\u0101tes politika ir pieejama \u0161eit:       <\/span><\/h4>\n<h4><span style=\"color: #333333;\">http:\/\/www.google.com\/privacypolicy.html . M\u016bsu rekl\u0101mdev\u0113ji vai maks\u0101jumu pakalpojumu sniedz\u0113ji var ar\u012b nos\u016bt\u012bt jums s\u012bkfailus. M\u016bsu vietn\u0113 m\u0113s public\u0113jam google adsense uz interes\u0113m balst\u012btas rekl\u0101mas. Google tos izv\u0113las t\u0101, lai atspogu\u013cotu j\u016bsu intereses. Lai noteiktu j\u016bsu intereses, Google izsekos j\u016bsu r\u012bc\u012bbu tie\u0161saist\u0113, izmantojot s\u012bkfailus. Varat skat\u012bt, dz\u0113st un pievienot intere\u0161u kategorijas, kas saist\u012btas ar j\u016bsu p\u0101rl\u016bkprogrammu, izmantojot Google rekl\u0101mu preferen\u010du p\u0101rvaldnieku, kas atrodams vietn\u0113 http:\/\/www.google.com\/ads\/preferences\/.     <\/span><\/h4>\n<h4><span style=\"color: #333333;\">J\u016bs varat atteikties no Adsense fili\u0101\u013cu t\u012bkla s\u012bkfaila, izmantojot adresi http:\/\/www.google.com\/privacy_ads.html .<\/span><\/h4>\n<h4><span style=\"color: #333333;\">Tom\u0113r \u0161is atteik\u0161an\u0101s meh\u0101nisms izmanto s\u012bkfailu, un, ja j\u016bs izdz\u0113\u0161at s\u012bkfailus no sava datora, j\u016bsu atteik\u0161an\u0101s netiks saglab\u0101ta. Lai nodro\u0161in\u0101tu, ka atteik\u0161an\u0101s tiek saglab\u0101ta konkr\u0113t\u0101 p\u0101rl\u016bkprogramm\u0101, izmantojiet <\/span><\/h4>\n<h4><span style=\"color: #333333;\">Google p\u0101rl\u016bkprogrammas spraudnis, kas atrodams vietn\u0113 http:\/\/www.google.com\/ads\/preferences\/plugin . Liel\u0101k\u0101 da\u013ca p\u0101rl\u016bkprogrammu \u013cauj nepie\u0146emt s\u012bkfailus, lai gan da\u017eas p\u0101rl\u016bkprogrammas \u013cauj nepie\u0146emt tikai tre\u0161o pu\u0161u s\u012bkfailus. Piem\u0113ram, p\u0101rl\u016bkprogramm\u0101 Internet Explorer j\u016bs varat atteikties no visiem s\u012bkfailiem, noklik\u0161\u0137inot uz &#8220;R\u012bki&#8221; &gt; , &#8220;Interneta opcijas&#8221;, &gt; &#8220;Priv\u0101tums&#8221; un izv\u0113loties &#8220;Blo\u0137\u0113t visus s\u012bkfailus&#8221; (tas tiek dar\u012bts, pab\u012bdot sl\u0113dzi). Tom\u0113r visu s\u012bkdat\u0146u blo\u0137\u0113\u0161ana negat\u012bvi ietekm\u0113s iesp\u0113ju izmantot daudzas vietnes, tostarp \u0161o.   <\/span><\/h4><div><font color=\"#333333\">E-veikal\u0101 maks\u0101jumi tiek apstr\u0101d\u0101ti, izmantojot makecommerce.lt platformu, kuras p\u0101rzinis ir Maksekeskus AS (Niine 11, Tallina 10414, Igaunija, re\u0123. nr.:12268475), t\u0101p\u0113c j\u016bsu person\u012bg\u0101 inform\u0101cija, kas nepiecie\u0161ama maks\u0101juma izpildei un apstiprin\u0101\u0161anai, tiks nodota Maksekeskus AS.<\/font><br><\/div>\n<h4><span style=\"color: #333333;\">3. J\u016bsu personas datu izmanto\u0161ana<\/span><br><span style=\"color: #333333;\">\u0160aj\u0101 vietn\u0113 sniegtie personas dati tiks izmantoti m\u0113r\u0137iem, kas nor\u0101d\u012bti \u0161aj\u0101 konfidencialit\u0101tes politik\u0101 vai \u0161\u012bs vietnes attiec\u012bgaj\u0101s da\u013c\u0101s. M\u0113s varam izmantot j\u016bsu personisko inform\u0101ciju \u0161\u0101diem m\u0113r\u0137iem: <\/span><\/h4>\n<h4><span style=\"color: #333333;\">\u2022 T\u012bmek\u013ca vietnes administr\u0113\u0161anai;<\/span><br><span style=\"color: #333333;\">\u2022 lai uzlabotu savu p\u0101rl\u016bko\u0161anas pieredzi, piel\u0101gojot \u0161o vietni sav\u0101m person\u012bgaj\u0101m vajadz\u012bb\u0101m;<\/span><br><span style=\"color: #333333;\">\u2022 ar j\u016bsu piekri\u0161anu nos\u016bt\u012bt jums m\u016bsu bi\u013cetenu pa e-pastu, kas, m\u016bsupr\u0101t, var\u0113tu j\u016bs interes\u0113t (j\u016bs varat m\u016bs inform\u0113t jebkur\u0101 laik\u0101, ja vairs nev\u0113laties, lai bi\u013cetens tiktu nos\u016bt\u012bts jums); <\/span><\/h4>\n<h4><span style=\"color: #333333;\">\u2022 sniegt tre\u0161aj\u0101m person\u0101m statistisko inform\u0101ciju par m\u016bsu lietot\u0101jiem, ta\u010du \u0161\u012b inform\u0101cija netiks izmantota, lai identific\u0113tu k\u0101du atsevi\u0161\u0137u lietot\u0101ju;<\/span><br><span style=\"color: #333333;\">Bez j\u016bsu nep\u0101rprotamas piekri\u0161anas m\u0113s nesniegsim j\u016bsu personas datus tre\u0161aj\u0101m person\u0101m tie\u0161\u0101 m\u0101rketinga nol\u016bkos.<\/span><\/h4>\n<h4><span style=\"color: #333333;\">4. Politikas izmai\u0146as<\/span><br><span style=\"color: #333333;\">M\u0113s laiku pa laikam varam atjaunin\u0101t \u0161o konfidencialit\u0101tes politiku, public\u0113jot jaunu versiju m\u016bsu vietn\u0113. Laiku pa laikam jums vajadz\u0113tu p\u0101rskat\u012bt \u0161o lapu, lai p\u0101rliecin\u0101tos, ka esat apmierin\u0101ts ar vis\u0101m izmai\u0146\u0101m. <\/span><\/h4>\n<h4><span style=\"color: #333333;\">5. Tre\u0161o personu t\u012bmek\u013ca vietnes<\/span><br><span style=\"color: #333333;\">\u0160aj\u0101 t\u012bmek\u013ca vietn\u0113 ir saites uz cit\u0101m t\u012bmek\u013ca vietn\u0113m. M\u0113s neesam atbild\u012bgi par tre\u0161o pu\u0161u viet\u0146u konfidencialit\u0101tes politiku vai praksi. <\/span><\/h4>\n<p><\/p>\t\t\t\t\t\t<\/div>\n\t\t\t\t<\/div>\n\t\t\t\t\t<\/div>\n\t\t<\/div>\n\t\t\t\t\t\t\t<\/div>\n\t\t<\/section>\n\t\t\t\t\t\t<\/div>\n\t\t\t\t\t<\/div>\n\t\t","protected":false},"excerpt":{"rendered":"<p>PRIV\u0100TUMA POLITIKA &nbsp; \u0160aj\u0101 luckydiamonds.lt konfidencialit\u0101tes politik\u0101 ir aprakst\u012bts, k\u0101du inform\u0101ciju m\u0113s apkopojam un k\u0101 m\u0113s to izmantojam. 1. K\u0101du inform\u0101ciju m\u0113s apkopojam?M\u0113s varam apkopot, uzglab\u0101t un izmantot \u0161\u0101da veida inform\u0101ciju:\u2022 inform\u0101cija par j\u016bsu datoru un par \u0161\u012bs t\u012bmek\u013ca vietnes apmekl\u0113jumiem un \u0161\u012bs vietnes izmanto\u0161anu (tostarp j\u016bsu IP adrese, \u0123eogr\u0101fisk\u0101 atra\u0161an\u0101s vieta, p\u0101rl\u016bkprogrammas veids, no &hellip;<\/p>\n<p class=\"read-more\"> <a class=\"\" href=\"https:\/\/luckydiamonds.lt\/lv\/konfidencialitates-politika\/\"> <span class=\"screen-reader-text\">Konfidencialit\u0101tes politika<\/span> Read More &raquo;<\/a><\/p>\n","protected":false},"author":2,"featured_media":0,"parent":0,"menu_order":0,"comment_status":"closed","ping_status":"open","template":"","meta":[],"_links":{"self":[{"href":"https:\/\/luckydiamonds.lt\/lv\/wp-json\/wp\/v2\/pages\/10113"}],"collection":[{"href":"https:\/\/luckydiamonds.lt\/lv\/wp-json\/wp\/v2\/pages"}],"about":[{"href":"https:\/\/luckydiamonds.lt\/lv\/wp-json\/wp\/v2\/types\/page"}],"author":[{"embeddable":true,"href":"https:\/\/luckydiamonds.lt\/lv\/wp-json\/wp\/v2\/users\/2"}],"replies":[{"embeddable":true,"href":"https:\/\/luckydiamonds.lt\/lv\/wp-json\/wp\/v2\/comments?post=10113"}],"version-history":[{"count":10,"href":"https:\/\/luckydiamonds.lt\/lv\/wp-json\/wp\/v2\/pages\/10113\/revisions"}],"predecessor-version":[{"id":10483,"href":"https:\/\/luckydiamonds.lt\/lv\/wp-json\/wp\/v2\/pages\/10113\/revisions\/10483"}],"wp:attachment":[{"href":"https:\/\/luckydiamonds.lt\/lv\/wp-json\/wp\/v2\/media?parent=10113"}],"curies":[{"name":"wp","href":"https:\/\/api.w.org\/{rel}","templated":true}]}}