{"id":8366,"date":"2021-09-15T14:03:53","date_gmt":"2021-09-15T12:03:53","guid":{"rendered":"https:\/\/luckydiamonds.lt\/par-mums\/"},"modified":"2025-02-09T13:59:08","modified_gmt":"2025-02-09T11:59:08","slug":"par-mums","status":"publish","type":"page","link":"https:\/\/luckydiamonds.lt\/lv\/par-mums\/","title":{"rendered":"Par mums"},"content":{"rendered":"\t\t<div data-elementor-type=\"wp-page\" data-elementor-id=\"8366\" class=\"elementor elementor-8366 elementor-1499\" data-elementor-settings=\"[]\">\n\t\t\t\t\t\t\t<div class=\"elementor-section-wrap\">\n\t\t\t\t\t\t\t<section class=\"elementor-section elementor-top-section elementor-element elementor-element-8addfe8 .fffff elementor-section-full_width elementor-section-height-default elementor-section-height-default\" data-id=\"8addfe8\" data-element_type=\"section\" data-settings=\"{&quot;background_background&quot;:&quot;classic&quot;,&quot;_ha_eqh_enable&quot;:false}\">\n\t\t\t\t\t\t<div class=\"elementor-container elementor-column-gap-default\">\n\t\t\t\t\t<div class=\"elementor-column elementor-col-100 elementor-top-column elementor-element elementor-element-dd5a002\" data-id=\"dd5a002\" data-element_type=\"column\">\n\t\t\t<div class=\"elementor-widget-wrap elementor-element-populated\">\n\t\t\t\t\t\t\t\t<div class=\"elementor-element elementor-element-4c3d538 elementor-widget elementor-widget-heading\" data-id=\"4c3d538\" data-element_type=\"widget\" data-widget_type=\"heading.default\">\n\t\t\t\t<div class=\"elementor-widget-container\">\n\t\t\t<h2 class=\"elementor-heading-title elementor-size-default\">Par mums<\/h2>\t\t<\/div>\n\t\t\t\t<\/div>\n\t\t\t\t<div class=\"elementor-element elementor-element-8ec165f elementor-widget elementor-widget-text-editor\" data-id=\"8ec165f\" data-element_type=\"widget\" data-widget_type=\"text-editor.default\">\n\t\t\t\t<div class=\"elementor-widget-container\">\n\t\t\t\t\t\t\t<p>M\u0113s esam dimantu profesion\u0101\u013ci &#8211; uztic\u012bgi savam darbam, ar lielu aizrau\u0161anos ar briljantiem, turkl\u0101t lab\u0101kie sav\u0101 jom\u0101 ar ilggad\u0113ju pieredzi. M\u0113s zin\u0101m, ka pareizi izv\u0113l\u0113ti briljanti veido, papildina un harmoniz\u0113 gan raksturu, gan izskatu. M\u0113s uzskat\u0101m, ka d\u0101rgakme\u0146i simboliz\u0113 sp\u0113ku, iztur\u012bbu, skaistumu, smalkumu, gribassp\u0113ku un daudzas citas skaistas lietas. Tas m\u016bs aizveda uz unik\u0101lo, bag\u0101t\u012bgo dimantu pasauli. M\u0113s esam daudz m\u0101c\u012bju\u0161ies, guvu\u0161i v\u0113rt\u012bgu pieredzi un \u0161odien priec\u0101jamies pazi\u0146ot, ka esam gatavi dal\u012bties ar jums sav\u0101s zin\u0101\u0161an\u0101s un prasm\u0113s.    <\/p>\n<p>Sp\u012bd\u0113sim.<\/p>\n<p>Ar cie\u0146u un m\u012blest\u012bbu,<\/p>\n<p><span style=\"font-style: inherit; font-weight: inherit;\">&#8220;Lucky diamonds&#8221; komanda<\/span><\/p>\n\t\t\t\t\t\t<\/div>\n\t\t\t\t<\/div>\n\t\t\t\t<div class=\"elementor-element elementor-element-09c0192 elementor-widget elementor-widget-heading\" data-id=\"09c0192\" data-element_type=\"widget\" data-widget_type=\"heading.default\">\n\t\t\t\t<div class=\"elementor-widget-container\">\n\t\t\t<h2 class=\"elementor-heading-title elementor-size-default\">Sazinieties ar mums:<\/h2>\t\t<\/div>\n\t\t\t\t<\/div>\n\t\t\t\t<div class=\"elementor-element elementor-element-bc20c92 elementor-widget elementor-widget-text-editor\" data-id=\"bc20c92\" data-element_type=\"widget\" data-widget_type=\"text-editor.default\">\n\t\t\t\t<div class=\"elementor-widget-container\">\n\t\t\t\t\t\t\t<p>&#8220;Lucky diamonds&#8221;<\/p>\n<p>Br\u012bv\u012bbas gatve. 202, LV-1039, R\u012bga <\/p>\n<p>T: +371 26419909<\/p>\n<p>E: diamondtrust@inbox.lv<\/p>\t\t\t\t\t\t<\/div>\n\t\t\t\t<\/div>\n\t\t\t\t<div class=\"elementor-element elementor-element-7dcbd16 elementor-widget__width-auto elementor-view-default elementor-widget elementor-widget-icon\" data-id=\"7dcbd16\" data-element_type=\"widget\" data-widget_type=\"icon.default\">\n\t\t\t\t<div class=\"elementor-widget-container\">\n\t\t\t\t\t<div class=\"elementor-icon-wrapper\">\n\t\t\t<a class=\"elementor-icon\" href=\"#\">\n\t\t\t<i aria-hidden=\"true\" class=\"fab fa-facebook-f\"><\/i>\t\t\t<\/a>\n\t\t<\/div>\n\t\t\t\t<\/div>\n\t\t\t\t<\/div>\n\t\t\t\t<div class=\"elementor-element elementor-element-bba0404 elementor-widget__width-auto elementor-view-default elementor-widget elementor-widget-icon\" data-id=\"bba0404\" data-element_type=\"widget\" data-widget_type=\"icon.default\">\n\t\t\t\t<div class=\"elementor-widget-container\">\n\t\t\t\t\t<div class=\"elementor-icon-wrapper\">\n\t\t\t<a class=\"elementor-icon\" href=\"#\">\n\t\t\t<i aria-hidden=\"true\" class=\"fab fa-instagram\"><\/i>\t\t\t<\/a>\n\t\t<\/div>\n\t\t\t\t<\/div>\n\t\t\t\t<\/div>\n\t\t\t\t<div class=\"elementor-element elementor-element-3afa70c elementor-widget elementor-widget-text-editor\" data-id=\"3afa70c\" data-element_type=\"widget\" data-widget_type=\"text-editor.default\">\n\t\t\t\t<div class=\"elementor-widget-container\">\n\t\t\t\t\t\t\t\t\t\t\t\t\t<\/div>\n\t\t\t\t<\/div>\n\t\t\t\t\t<\/div>\n\t\t<\/div>\n\t\t\t\t\t\t\t<\/div>\n\t\t<\/section>\n\t\t\t\t\t\t<\/div>\n\t\t\t\t\t<\/div>\n\t\t","protected":false},"excerpt":{"rendered":"<p>Par mums M\u0113s esam dimantu profesion\u0101\u013ci &#8211; uztic\u012bgi savam darbam, ar lielu aizrau\u0161anos ar briljantiem, turkl\u0101t lab\u0101kie sav\u0101 jom\u0101 ar ilggad\u0113ju pieredzi. M\u0113s zin\u0101m, ka pareizi izv\u0113l\u0113ti briljanti veido, papildina un harmoniz\u0113 gan raksturu, gan izskatu. M\u0113s uzskat\u0101m, ka d\u0101rgakme\u0146i simboliz\u0113 sp\u0113ku, iztur\u012bbu, skaistumu, smalkumu, gribassp\u0113ku un daudzas citas skaistas lietas. Tas m\u016bs aizveda uz &hellip;<\/p>\n<p class=\"read-more\"> <a class=\"\" href=\"https:\/\/luckydiamonds.lt\/lv\/par-mums\/\"> <span class=\"screen-reader-text\">Par mums<\/span> Read More &raquo;<\/a><\/p>\n","protected":false},"author":2,"featured_media":0,"parent":0,"menu_order":0,"comment_status":"closed","ping_status":"closed","template":"","meta":[],"_links":{"self":[{"href":"https:\/\/luckydiamonds.lt\/lv\/wp-json\/wp\/v2\/pages\/8366"}],"collection":[{"href":"https:\/\/luckydiamonds.lt\/lv\/wp-json\/wp\/v2\/pages"}],"about":[{"href":"https:\/\/luckydiamonds.lt\/lv\/wp-json\/wp\/v2\/types\/page"}],"author":[{"embeddable":true,"href":"https:\/\/luckydiamonds.lt\/lv\/wp-json\/wp\/v2\/users\/2"}],"replies":[{"embeddable":true,"href":"https:\/\/luckydiamonds.lt\/lv\/wp-json\/wp\/v2\/comments?post=8366"}],"version-history":[{"count":4,"href":"https:\/\/luckydiamonds.lt\/lv\/wp-json\/wp\/v2\/pages\/8366\/revisions"}],"predecessor-version":[{"id":10458,"href":"https:\/\/luckydiamonds.lt\/lv\/wp-json\/wp\/v2\/pages\/8366\/revisions\/10458"}],"wp:attachment":[{"href":"https:\/\/luckydiamonds.lt\/lv\/wp-json\/wp\/v2\/media?parent=8366"}],"curies":[{"name":"wp","href":"https:\/\/api.w.org\/{rel}","templated":true}]}}