{"id":8562,"date":"2021-09-17T11:05:45","date_gmt":"2021-09-17T09:05:45","guid":{"rendered":"https:\/\/luckydiamonds.lt\/kapec-dimanti-ir-labaka-davana\/"},"modified":"2025-02-09T14:00:34","modified_gmt":"2025-02-09T12:00:34","slug":"kapec-dimanti-ir-labaka-davana","status":"publish","type":"page","link":"https:\/\/luckydiamonds.lt\/lv\/kapec-dimanti-ir-labaka-davana\/","title":{"rendered":"K\u0101p\u0113c dimanti ir lab\u0101k\u0101 d\u0101vana?"},"content":{"rendered":"\t\t<div data-elementor-type=\"wp-page\" data-elementor-id=\"8562\" class=\"elementor elementor-8562 elementor-2205\" data-elementor-settings=\"[]\">\n\t\t\t\t\t\t\t<div class=\"elementor-section-wrap\">\n\t\t\t\t\t\t\t<section class=\"elementor-section elementor-top-section elementor-element elementor-element-8addfe8 .fffff elementor-section-boxed elementor-section-height-default elementor-section-height-default\" data-id=\"8addfe8\" data-element_type=\"section\" data-settings=\"{&quot;background_background&quot;:&quot;classic&quot;,&quot;_ha_eqh_enable&quot;:false}\">\n\t\t\t\t\t\t<div class=\"elementor-container elementor-column-gap-default\">\n\t\t\t\t\t<div class=\"elementor-column elementor-col-100 elementor-top-column elementor-element elementor-element-dd5a002\" data-id=\"dd5a002\" data-element_type=\"column\">\n\t\t\t<div class=\"elementor-widget-wrap elementor-element-populated\">\n\t\t\t\t\t\t\t\t<div class=\"elementor-element elementor-element-4c3d538 elementor-widget elementor-widget-heading\" data-id=\"4c3d538\" data-element_type=\"widget\" data-widget_type=\"heading.default\">\n\t\t\t\t<div class=\"elementor-widget-container\">\n\t\t\t<h2 class=\"elementor-heading-title elementor-size-default\"><br> 1<span style=\"font-family: 'Cormorant'; font-size: 80px; font-weight: 100;\">0<\/span> iemesli, k\u0101p\u0113c d\u0101vin\u0101t dimantus<\/h2>\t\t<\/div>\n\t\t\t\t<\/div>\n\t\t\t\t<section class=\"elementor-section elementor-inner-section elementor-element elementor-element-28b4f6f elementor-section-full_width elementor-section-height-default elementor-section-height-default\" data-id=\"28b4f6f\" data-element_type=\"section\" data-settings=\"{&quot;_ha_eqh_enable&quot;:false}\">\n\t\t\t\t\t\t<div class=\"elementor-container elementor-column-gap-default\">\n\t\t\t\t\t<div class=\"elementor-column elementor-col-50 elementor-inner-column elementor-element elementor-element-a7a339a\" data-id=\"a7a339a\" data-element_type=\"column\">\n\t\t\t<div class=\"elementor-widget-wrap elementor-element-populated\">\n\t\t\t\t\t\t\t\t<div class=\"elementor-element elementor-element-3afa70c elementor-widget elementor-widget-text-editor\" data-id=\"3afa70c\" data-element_type=\"widget\" data-widget_type=\"text-editor.default\">\n\t\t\t\t<div class=\"elementor-widget-container\">\n\t\t\t\t\t\t\t<p>Smaids, kas sasniedz Vi\u0146as acis. Vism\u012b\u013c\u0101kais un skaist\u0101kais br\u012bdis ir tad, kad Vi\u0146a saprot, ka \u0161\u012b d\u0101vana ir m\u016b\u017e\u012bga. Vi\u0146as sirsn\u012bba un pateic\u012bba par izr\u0101d\u012bto r\u016bp\u012bbu, uzman\u012bbu un r\u016bp\u012bbu. Ak, j\u0101, Merilina Monro &#8211; &#8220;dimanti ir meitenes lab\u0101kais draugs&#8221;. Ne t\u0101p\u0113c, ka rotaslietas spo\u017ei sp\u012bd, bet t\u0101p\u0113c, ka t\u0101s atg\u0101dina un simboliz\u0113 sirds maigumu, dv\u0113seles d\u0101rgakme\u0146us.    <\/p>\n<p>Ja izv\u0113l\u0113sieties t\u0101s, j\u016bs vienm\u0113r uzvar\u0113siet dz\u012bves loterij\u0101 &#8211; skaistumu, smalkumu, ener\u0123iju un gudr\u012bbu. L\u016bk, da\u017ei interesanti fakti un iemesli, lai p\u0101rliecin\u0101tos, ka vienm\u0113r sa\u0146emat d\u0101vanu, kas sag\u0101d\u0101 prieku. <\/p>\n\t\t\t\t\t\t<\/div>\n\t\t\t\t<\/div>\n\t\t\t\t\t<\/div>\n\t\t<\/div>\n\t\t\t\t<div class=\"elementor-column elementor-col-50 elementor-inner-column elementor-element elementor-element-5386657\" data-id=\"5386657\" data-element_type=\"column\">\n\t\t\t<div class=\"elementor-widget-wrap elementor-element-populated\">\n\t\t\t\t\t\t\t\t<div class=\"elementor-element elementor-element-8b2ce67 elementor-widget elementor-widget-text-editor\" data-id=\"8b2ce67\" data-element_type=\"widget\" data-widget_type=\"text-editor.default\">\n\t\t\t\t<div class=\"elementor-widget-container\">\n\t\t\t\t\t\t\t<p>1. &#8220;Dimants&#8221; attiecas uz grie\u0137u v\u0101rdu &#8220;adamas&#8221;, kas noz\u012bm\u0113 &#8220;neuzvarams&#8221;. T\u0101 ir m\u012blest\u012bba, attiec\u012bbas un saikne. <\/p>\n<p>2. Senie grie\u0137i uzskat\u012bja, ka dimanti ir Dieva asaras vai debesu zvaig\u017e\u0146u gabali\u0146i. Varb\u016bt j\u016bs izmantosiet \u0161os v\u0101rdus, lai pasniegtu savu d\u0101vanu? <\/p>\n<p>3. Senie grie\u0137i un romie\u0161i augstu v\u0113rt\u0113ja dimantus un uzskat\u012bja tos par m\u012blest\u012bbas un grezn\u012bbas simbolu. Un v\u0113l ir kara\u013ci, kuri n\u0113s\u0101ja rotas ar dimantiem k\u0101 sp\u0113ka, gudr\u012bbas un varas z\u012bmi. <\/p>\n<p>4. Dimantu k\u0101zu gredzenu trad\u012bcijas aizs\u0101k\u0101s 1477. gad\u0101. Austrijas erchercogs Maksimili\u0101ns saderin\u0101j\u0101s ar Mariju Burgundijas un uzd\u0101vin\u0101ja vi\u0146ai saderin\u0101\u0161an\u0101s gredzenu ar dimantu. Ir aizraujo\u0161i atk\u0101rtot un interpret\u0113t kara\u013ca para\u017eas pat tagad\u01c3.  <\/p>\n<p>5. Zin\u0101tnieki apgalvo, ka dimanti uz Zemes ir biju\u0161i 3,4 miljardus gadu. Un, iesp\u0113jams, t\u0101 past\u0101v\u0113s tikpat daudz, ja ne vair\u0101k. T\u0101tad, j\u0101, j\u016bs pamatoti varat teikt: &#8220;M\u012blest\u012bba, es d\u0101vinu tev gabali\u0146u m\u016b\u017e\u012bbas.&#8221;  <\/p>\n<p>6. Dimanti ir \u013coti iztur\u012bgi &#8211; tos var n\u0113s\u0101t vair\u0101kas paaudzes. Tie neizbal\u0113, nenoveco un nezaud\u0113 sp\u012bdumu. <\/p>\n<p>7. \u0160ie d\u0101rgakme\u0146i ir \u012bpa\u0161i savas v\u0113rt\u012bbas d\u0113\u013c &#8211; tie ir \u0101rk\u0101rt\u012bgi izdev\u012bgs un daudzsolo\u0161s ieguld\u012bjums. V\u0113sture liecina, ka gr\u016btos laikos dimanti ir vispiepras\u012bt\u0101k\u0101 val\u016bta. <\/p>\n<p>8. Dimanti ir \u0101rk\u0101rt\u012bgi reti sastopami. Iedom\u0101jieties &#8211; lai ieg\u016btu 1 kar\u0101ta d\u0101rgakmeni, ir j\u0101izraktu 250 tonnas r\u016bdas. K\u0101das ir p\u016bles un v\u0113rt\u012bba\u01c3  <\/p>\n<p>9. Joproj\u0101m valda uzskats, ka briljantu ieg\u0101de iev\u0113rojami papildina j\u016bsu maci\u0146u. Ta\u010du, ja \u0146em v\u0113r\u0101 atliku\u0161o v\u0113rt\u012bbu, kvalit\u0101ti un iztur\u012bbu, cena nav augsta. <\/p>\n<p>10. Dimanti ir \u013coti stabila un uzticama d\u0101vana. Tie sader\u0113s ar da\u017e\u0101diem t\u0113rpiem un aksesu\u0101riem, k\u0101 ar\u012b b\u016bs piem\u0113roti da\u017e\u0101diem noska\u0146ojumiem un gad\u012bjumiem. <\/p>\n\t\t\t\t\t\t<\/div>\n\t\t\t\t<\/div>\n\t\t\t\t\t<\/div>\n\t\t<\/div>\n\t\t\t\t\t\t\t<\/div>\n\t\t<\/section>\n\t\t\t\t\t<\/div>\n\t\t<\/div>\n\t\t\t\t\t\t\t<\/div>\n\t\t<\/section>\n\t\t\t\t\t\t<\/div>\n\t\t\t\t\t<\/div>\n\t\t","protected":false},"excerpt":{"rendered":"<p>10 iemesli, k\u0101p\u0113c d\u0101vin\u0101t dimantus Smaids, kas sasniedz Vi\u0146as acis. Vism\u012b\u013c\u0101kais un skaist\u0101kais br\u012bdis ir tad, kad Vi\u0146a saprot, ka \u0161\u012b d\u0101vana ir m\u016b\u017e\u012bga. Vi\u0146as sirsn\u012bba un pateic\u012bba par izr\u0101d\u012bto r\u016bp\u012bbu, uzman\u012bbu un r\u016bp\u012bbu. Ak, j\u0101, Merilina Monro &#8211; &#8220;dimanti ir meitenes lab\u0101kais draugs&#8221;. Ne t\u0101p\u0113c, ka rotaslietas spo\u017ei sp\u012bd, bet t\u0101p\u0113c, ka t\u0101s atg\u0101dina &hellip;<\/p>\n<p class=\"read-more\"> <a class=\"\" href=\"https:\/\/luckydiamonds.lt\/lv\/kapec-dimanti-ir-labaka-davana\/\"> <span class=\"screen-reader-text\">K\u0101p\u0113c dimanti ir lab\u0101k\u0101 d\u0101vana?<\/span> Read More &raquo;<\/a><\/p>\n","protected":false},"author":2,"featured_media":0,"parent":0,"menu_order":0,"comment_status":"closed","ping_status":"closed","template":"","meta":[],"_links":{"self":[{"href":"https:\/\/luckydiamonds.lt\/lv\/wp-json\/wp\/v2\/pages\/8562"}],"collection":[{"href":"https:\/\/luckydiamonds.lt\/lv\/wp-json\/wp\/v2\/pages"}],"about":[{"href":"https:\/\/luckydiamonds.lt\/lv\/wp-json\/wp\/v2\/types\/page"}],"author":[{"embeddable":true,"href":"https:\/\/luckydiamonds.lt\/lv\/wp-json\/wp\/v2\/users\/2"}],"replies":[{"embeddable":true,"href":"https:\/\/luckydiamonds.lt\/lv\/wp-json\/wp\/v2\/comments?post=8562"}],"version-history":[{"count":2,"href":"https:\/\/luckydiamonds.lt\/lv\/wp-json\/wp\/v2\/pages\/8562\/revisions"}],"predecessor-version":[{"id":10464,"href":"https:\/\/luckydiamonds.lt\/lv\/wp-json\/wp\/v2\/pages\/8562\/revisions\/10464"}],"wp:attachment":[{"href":"https:\/\/luckydiamonds.lt\/lv\/wp-json\/wp\/v2\/media?parent=8562"}],"curies":[{"name":"wp","href":"https:\/\/api.w.org\/{rel}","templated":true}]}}