{"id":10067,"date":"2021-09-17T10:03:14","date_gmt":"2021-09-17T08:03:14","guid":{"rendered":"https:\/\/luckydiamonds.lt\/produktas\/dabas-briljants-0-14ct-2\/"},"modified":"2025-01-31T14:51:42","modified_gmt":"2025-01-31T12:51:42","slug":"dabas-briljanta-14ct","status":"publish","type":"product","link":"https:\/\/luckydiamonds.lt\/lv\/produktas\/dabas-briljanta-14ct\/","title":{"rendered":"Dab\u012bgs briljants 0.14ct"},"content":{"rendered":"<p>Briljanti ir visd\u0101rg\u0101kie un ret\u0101kie d\u0101rgakme\u0146i uz zemes, kas saglab\u0101 visaugst\u0101ko un stabil\u0101ko v\u0113rt\u012bbu. Apstr\u0101d\u0101jot dimantu, tas tiek sl\u012bp\u0113ts, l\u012bdz tas ieg\u016bst 57 malas. \u0160\u0101du apstr\u0101d\u0101tu dimantu sauc \u2013 briljants. Brilliant, pateicoties t\u0101 mal\u0101m, ieg\u016bst maksim\u0101lu un apburo\u0161u dabisko mirdzumu un neaprakst\u0101mu kr\u0101\u0161\u0146umu. Briljantu v\u0113rt\u012bba sv\u0101rst\u0101s \u013coti nedaudz, kas padara to par ide\u0101lu izv\u0113li ieguld\u012bjumu portfelim un n\u0101kotnes finan\u0161u stabilit\u0101tes nodro\u0161in\u0101\u0161anai, jo sal\u012bdzino\u0161i mazs o\u013ci, kas iederas starp pirkstiem, var nodro\u0161in\u0101t finansi\u0101lu pamatu jaunas dz\u012bves s\u0101kumam.     Visi m\u016bsu briljanti ir ori\u0123in\u0101li, p\u0101rbaud\u012bti un sertific\u0113ti Lietuvas vai Latvijas proves biroj\u0101.<\/p>\n<p>P\u0113c atsevi\u0161\u0137a pas\u016bt\u012bjuma m\u0113s varam pied\u0101v\u0101t da\u017e\u0101du parametru, formu un kr\u0101su invest\u012bciju briljantus, t\u0101p\u0113c, ja jums ir nepiecie\u0161ams padoms vai padoms, j\u016bs vienm\u0113r varat sazin\u0101ties ar mums pa t\u0101lruni +370 640 68898 vai pa e-pastu <u><a href=\"mailto:info@luckydiamonds.lt\">info@luckydiamonds.lt<\/a><\/u> <\/p>\n","protected":false},"excerpt":{"rendered":"<p><span style=\"font-weight: 400;\">Akmens<\/span>: dab\u012bgs briljants<br \/>\n<span style=\"font-weight: 400;\">Forma<\/span>: apa\u013ca<br \/>\n<span style=\"font-weight: 400;\">Svars<\/span>: 0.14 ct<br \/>\n<span style=\"font-weight: 400;\">Kr\u0101sa<\/span>: G-J<br \/>\n<span style=\"font-weight: 400;\">T\u012br\u012bbas pak\u0101pe<\/span>: SI2-I<br \/>\n<span style=\"font-weight: 400;\">Sertifik\u0101ts<\/span>: Lietuvas Slavas z\u0101le<\/p>\n","protected":false},"featured_media":8000,"template":"","meta":[],"product_cat":[336,318],"product_tag":[],"_links":{"self":[{"href":"https:\/\/luckydiamonds.lt\/lv\/wp-json\/wp\/v2\/product\/10067"}],"collection":[{"href":"https:\/\/luckydiamonds.lt\/lv\/wp-json\/wp\/v2\/product"}],"about":[{"href":"https:\/\/luckydiamonds.lt\/lv\/wp-json\/wp\/v2\/types\/product"}],"version-history":[{"count":2,"href":"https:\/\/luckydiamonds.lt\/lv\/wp-json\/wp\/v2\/product\/10067\/revisions"}],"predecessor-version":[{"id":10154,"href":"https:\/\/luckydiamonds.lt\/lv\/wp-json\/wp\/v2\/product\/10067\/revisions\/10154"}],"wp:featuredmedia":[{"embeddable":true,"href":"https:\/\/luckydiamonds.lt\/lv\/wp-json\/wp\/v2\/media\/8000"}],"wp:attachment":[{"href":"https:\/\/luckydiamonds.lt\/lv\/wp-json\/wp\/v2\/media?parent=10067"}],"wp:term":[{"taxonomy":"product_cat","embeddable":true,"href":"https:\/\/luckydiamonds.lt\/lv\/wp-json\/wp\/v2\/product_cat?post=10067"},{"taxonomy":"product_tag","embeddable":true,"href":"https:\/\/luckydiamonds.lt\/lv\/wp-json\/wp\/v2\/product_tag?post=10067"}],"curies":[{"name":"wp","href":"https:\/\/api.w.org\/{rel}","templated":true}]}}