{"id":8680,"date":"2022-10-27T14:05:25","date_gmt":"2022-10-27T12:05:25","guid":{"rendered":"https:\/\/luckydiamonds.lt\/produktas\/tumsi-zila-muzibas-rokasspradze-ar-021-ct-briljantiem\/"},"modified":"2025-02-09T21:44:26","modified_gmt":"2025-02-09T19:44:26","slug":"tumsi-zilas-rokasspradze-ar-021-ct-dimantiem","status":"publish","type":"product","link":"https:\/\/luckydiamonds.lt\/lv\/produktas\/tumsi-zilas-rokasspradze-ar-021-ct-dimantiem\/","title":{"rendered":"Tum\u0161i-zila diega rokasspr\u0101dze &#8220;Eternity&#8221; ar 0,21 ct briljantiem"},"content":{"rendered":"<p>Tum\u0161i-zila diega rokasspr\u0101dze &#8220;Eternity&#8221; ir grezna interpret\u0101cija par j\u016bsu iecien\u012bt\u0101kaj\u0101m veiksmes aproc\u0113m ar dimantiem. \u0100rk\u0101rt\u012bgi \u0113rts vads, kas lieliski piegu\u013c \u0137ermenim, un kulons, kas ap\u0161\u016bts ar briljantiem, noteikti piesaist\u012bs uzman\u012bbu un k\u013c\u016bs par vienu no j\u016bsu iecien\u012bt\u0101kajiem ikdienas aksesu\u0101riem. <\/p>\n<p>Sertific\u0113ti dab\u012bgie dimanti<\/p>\n<p>Met\u0101ls: 925 sudrabs<\/p>\n<p>Svars: ~0.39g<\/p>\n<p>Latvijas proves pal\u0101tas sertifik\u0101ts.<br \/>\nLaimes aproces garums ir piln\u012bb\u0101 regul\u0113jams, t\u0101p\u0113c viens izm\u0113rs ir lieliski piem\u0113rots vis\u0101m plaukstas loc\u012btav\u0101m.<\/p>\n<p><i>Sazin\u0101ties<\/i> ar mums pa t\u0101lruni +371 26419909<\/p>\n","protected":false},"excerpt":{"rendered":"<p>Sertific\u0113ti dab\u012bgie dimanti kar\u0101ti<br \/>\n: 0.21 ct<br \/>\nDimanta t\u012br\u012bba: VS Aproces garums: univers\u0101ls<\/p>\n","protected":false},"featured_media":8043,"template":"","meta":[],"product_cat":[296,297],"product_tag":[],"_links":{"self":[{"href":"https:\/\/luckydiamonds.lt\/lv\/wp-json\/wp\/v2\/product\/8680"}],"collection":[{"href":"https:\/\/luckydiamonds.lt\/lv\/wp-json\/wp\/v2\/product"}],"about":[{"href":"https:\/\/luckydiamonds.lt\/lv\/wp-json\/wp\/v2\/types\/product"}],"version-history":[{"count":2,"href":"https:\/\/luckydiamonds.lt\/lv\/wp-json\/wp\/v2\/product\/8680\/revisions"}],"predecessor-version":[{"id":10513,"href":"https:\/\/luckydiamonds.lt\/lv\/wp-json\/wp\/v2\/product\/8680\/revisions\/10513"}],"wp:featuredmedia":[{"embeddable":true,"href":"https:\/\/luckydiamonds.lt\/lv\/wp-json\/wp\/v2\/media\/8043"}],"wp:attachment":[{"href":"https:\/\/luckydiamonds.lt\/lv\/wp-json\/wp\/v2\/media?parent=8680"}],"wp:term":[{"taxonomy":"product_cat","embeddable":true,"href":"https:\/\/luckydiamonds.lt\/lv\/wp-json\/wp\/v2\/product_cat?post=8680"},{"taxonomy":"product_tag","embeddable":true,"href":"https:\/\/luckydiamonds.lt\/lv\/wp-json\/wp\/v2\/product_tag?post=8680"}],"curies":[{"name":"wp","href":"https:\/\/api.w.org\/{rel}","templated":true}]}}