{"id":8682,"date":"2022-10-13T15:51:59","date_gmt":"2022-10-13T13:51:59","guid":{"rendered":"https:\/\/luckydiamonds.lt\/produktas\/inv-briljants-050ct-d-vvs2\/"},"modified":"2025-01-31T13:38:53","modified_gmt":"2025-01-31T11:38:53","slug":"inv-briliantas-0-50ct-d-vvs2","status":"publish","type":"product","link":"https:\/\/luckydiamonds.lt\/lv\/produktas\/inv-briliantas-0-50ct-d-vvs2\/","title":{"rendered":"Inv.\nBriljants 0,50ct D\/VVS2"},"content":{"rendered":"<p><strong>Invest\u012bciju briljanti<\/strong> ir izcilu parametru d\u0101rgakme\u0146i (augst\u0101k\u0101 t\u012br\u012bba, balta kr\u0101sa, perfekts rievojums), kas ir piem\u0113roti j\u016bsu ieguld\u012bjumu portfe\u013ca papildin\u0101\u0161anai. No visiem dimantiem, kas ieg\u016bti gad\u0101, 80% non\u0101k nozar\u0113, 20% &#8211; rotaslietas, un tikai aptuveni 5-10% no tiem ir t\u0101 sauktie invest\u012bciju dimanti. Briljanti vienm\u0113r saglab\u0101s savu v\u0113rt\u012bbas pieaugumu, jo tas ir nemirst\u012bgs dabas resurss &#8211; dimantu resursi sar\u016bk, un piepras\u012bjums pieaug. T\u0101s izce\u013cas ar iztur\u012bbu un var tikt nodotas no paaudzes paaudz\u0113. Sal\u012bdzinot ar citiem ant\u012bkiem izstr\u0101d\u0101jumiem, briljantu uzglab\u0101\u0161anai nav nepiecie\u0161ami \u012bpa\u0161i apst\u0101k\u013ci vai telpa. Tie ir viegli transport\u0113jami un neaiz\u0146em daudz vietas. Brilliants ne tikai da\u017e\u0101do j\u016bsu ieguld\u012bjumu portfeli, bet ar\u012b rada emocion\u0101lu v\u0113rt\u012bbu.      <\/p>\n","protected":false},"excerpt":{"rendered":"<p>Akmens: dab\u012bgs briljants<br \/>\nForma: apa\u013ca (apa\u013ca)<br \/>\nSvars: 0.50 ct<br \/>\nKr\u0101sa: D (EW+)<br \/>\nT\u012br\u012bbas pak\u0101pe: VVS2<br \/>\nPul\u0113\u0161ana: Ex<br \/>\nSimetrija: Ex<br \/>\nSertifik\u0101ts: GIA<\/p>\n","protected":false},"featured_media":7836,"template":"","meta":[],"product_cat":[298],"product_tag":[],"_links":{"self":[{"href":"https:\/\/luckydiamonds.lt\/lv\/wp-json\/wp\/v2\/product\/8682"}],"collection":[{"href":"https:\/\/luckydiamonds.lt\/lv\/wp-json\/wp\/v2\/product"}],"about":[{"href":"https:\/\/luckydiamonds.lt\/lv\/wp-json\/wp\/v2\/types\/product"}],"version-history":[{"count":1,"href":"https:\/\/luckydiamonds.lt\/lv\/wp-json\/wp\/v2\/product\/8682\/revisions"}],"predecessor-version":[{"id":9978,"href":"https:\/\/luckydiamonds.lt\/lv\/wp-json\/wp\/v2\/product\/8682\/revisions\/9978"}],"wp:featuredmedia":[{"embeddable":true,"href":"https:\/\/luckydiamonds.lt\/lv\/wp-json\/wp\/v2\/media\/7836"}],"wp:attachment":[{"href":"https:\/\/luckydiamonds.lt\/lv\/wp-json\/wp\/v2\/media?parent=8682"}],"wp:term":[{"taxonomy":"product_cat","embeddable":true,"href":"https:\/\/luckydiamonds.lt\/lv\/wp-json\/wp\/v2\/product_cat?post=8682"},{"taxonomy":"product_tag","embeddable":true,"href":"https:\/\/luckydiamonds.lt\/lv\/wp-json\/wp\/v2\/product_tag?post=8682"}],"curies":[{"name":"wp","href":"https:\/\/api.w.org\/{rel}","templated":true}]}}