{"id":8689,"date":"2022-10-27T13:34:13","date_gmt":"2022-10-27T11:34:13","guid":{"rendered":"https:\/\/luckydiamonds.lt\/produktas\/sarkana-zida-eternity-rokasspradze-ar-021-ct-dimantiem\/"},"modified":"2025-01-31T14:06:42","modified_gmt":"2025-01-31T12:06:42","slug":"sarkana-josla-un-muziba","status":"publish","type":"product","link":"https:\/\/luckydiamonds.lt\/lv\/produktas\/sarkana-josla-un-muziba\/","title":{"rendered":"Sarkana &#8220;Eternity&#8221; rokasspr\u0101dze ar 0,21 ct dimantiem"},"content":{"rendered":"<p>Sarkan\u0101 \u0161\u016b\u0161anas aproce &#8220;Eternity&#8221; ir grezna interpret\u0101cija par j\u016bsu iecien\u012bt\u0101kaj\u0101m lent\u0113m ar dimantiem. \u0100rk\u0101rt\u012bgi \u0113rts vads, kas lieliski piegu\u013c \u0137ermenim, un kulons, kas ap\u0161\u016bts ar briljantiem, noteikti piesaist\u012bs uzman\u012bbu un k\u013c\u016bs par vienu no j\u016bsu iecien\u012bt\u0101kajiem ikdienas aksesu\u0101riem. <\/p>\n<p><strong>Bezmaksas pieg\u0101de !<\/strong><\/p>\n<p>Sertific\u0113ti dab\u012bgie dimanti Met\u0101ls: 925 sudrabs Svars: ~ 0.39g Izgatavots ar rok\u0101m Lietuv\u0101.<br \/>\nLaimes aproces garums ir piln\u012bb\u0101 regul\u0113jams, t\u0101p\u0113c viens izm\u0113rs ir lieliski piem\u0113rots vis\u0101m plaukstas loc\u012btav\u0101m. <i>Piepras\u012bjumus<\/i> var iesniegt pa t\u0101lruni: 865636666<\/p>\n","protected":false},"excerpt":{"rendered":"<p>Sertific\u0113ti<br \/>\ndab\u012bgie dimanti Dimanta t\u012br\u012bba: VS<br \/>\nkar\u0101ti: 0.21 ct<br \/>\nAproces garums: univers\u0101ls<\/p>\n<p><i>Pieg\u0101de Lietuv\u0101 \u2013 <\/i><b><i>bez maksas! <\/i><\/b> <\/p>\n","protected":false},"featured_media":8042,"template":"","meta":[],"product_cat":[296],"product_tag":[],"_links":{"self":[{"href":"https:\/\/luckydiamonds.lt\/lv\/wp-json\/wp\/v2\/product\/8689"}],"collection":[{"href":"https:\/\/luckydiamonds.lt\/lv\/wp-json\/wp\/v2\/product"}],"about":[{"href":"https:\/\/luckydiamonds.lt\/lv\/wp-json\/wp\/v2\/types\/product"}],"version-history":[{"count":2,"href":"https:\/\/luckydiamonds.lt\/lv\/wp-json\/wp\/v2\/product\/8689\/revisions"}],"predecessor-version":[{"id":10134,"href":"https:\/\/luckydiamonds.lt\/lv\/wp-json\/wp\/v2\/product\/8689\/revisions\/10134"}],"wp:featuredmedia":[{"embeddable":true,"href":"https:\/\/luckydiamonds.lt\/lv\/wp-json\/wp\/v2\/media\/8042"}],"wp:attachment":[{"href":"https:\/\/luckydiamonds.lt\/lv\/wp-json\/wp\/v2\/media?parent=8689"}],"wp:term":[{"taxonomy":"product_cat","embeddable":true,"href":"https:\/\/luckydiamonds.lt\/lv\/wp-json\/wp\/v2\/product_cat?post=8689"},{"taxonomy":"product_tag","embeddable":true,"href":"https:\/\/luckydiamonds.lt\/lv\/wp-json\/wp\/v2\/product_tag?post=8689"}],"curies":[{"name":"wp","href":"https:\/\/api.w.org\/{rel}","templated":true}]}}