{"id":8690,"date":"2023-06-20T16:55:07","date_gmt":"2023-06-20T14:55:07","guid":{"rendered":"https:\/\/luckydiamonds.lt\/produktas\/sarkana-zida-rokasspradze-ar-dimantiem-dzeltens-zelts\/"},"modified":"2025-01-31T15:06:59","modified_gmt":"2025-01-31T13:06:59","slug":"sarkana-rokasspradze-ar-dimantiem-kristaliem-un-dzelteno-zeltu","status":"publish","type":"product","link":"https:\/\/luckydiamonds.lt\/lv\/produktas\/sarkana-rokasspradze-ar-dimantiem-kristaliem-un-dzelteno-zeltu\/","title":{"rendered":"Sarkan\u0101 aproce ar dimantiem &#8220;Cross&#8221; (dzeltens zelts)"},"content":{"rendered":"<p>Sarkan\u0101 aproce ar dimantiem &#8220;Cross&#8221; ir grezna j\u016bsu iecien\u012bt\u0101ko veiksmes apro\u010du interpret\u0101cija. \u0100rk\u0101rt\u012bgi \u0113rta aukla, kas lieliski piegu\u013c j\u016bsu \u0137ermenim, un izcili radz\u0113ts zelta krusts neap\u0161aub\u0101mi piesaist\u012bs uzman\u012bbu un k\u013c\u016bs par vienu no j\u016bsu iecien\u012bt\u0101kajiem ikdienas aksesu\u0101riem. <\/p>\n<p>Sarkan\u0101s rokasspr\u0101dzes garums ir piln\u012bb\u0101 regul\u0113jams, t\u0101p\u0113c viens izm\u0113rs ir ide\u0101li piem\u0113rots vis\u0101m plaukstas loc\u012btav\u0101m.<\/p>\n<p><em>Bezmaksas pieg\u0101de !<\/em><\/p>\n<p>Slavas z\u0101les sertifik\u0101ts. <em>Piepras\u012bjumus<\/em> var veikt pa t\u0101lruni: 865636666<\/p>\n","protected":false},"excerpt":{"rendered":"<p>Dab\u012bgie dimanti<br \/>\nDimanta t\u012br\u012bba: VS \/ SI<br \/>\nkar\u0101ti: 0.05-0.06 ct<\/p>\n<p>Met\u0101ls: dzeltens zelts<br \/>\nSvars: ~ 0.32-0.35g<\/p>\n<p>Aproces garums:<em>Univers\u0101la<\/em><\/p>\n<p> pieg\u0101de Lietuv\u0101 &#8211; <strong><em>bezmaksas!<\/em><\/strong><em> <\/em><\/p>\n","protected":false},"featured_media":8387,"template":"","meta":[],"product_cat":[296,304],"product_tag":[],"_links":{"self":[{"href":"https:\/\/luckydiamonds.lt\/lv\/wp-json\/wp\/v2\/product\/8690"}],"collection":[{"href":"https:\/\/luckydiamonds.lt\/lv\/wp-json\/wp\/v2\/product"}],"about":[{"href":"https:\/\/luckydiamonds.lt\/lv\/wp-json\/wp\/v2\/types\/product"}],"version-history":[{"count":2,"href":"https:\/\/luckydiamonds.lt\/lv\/wp-json\/wp\/v2\/product\/8690\/revisions"}],"predecessor-version":[{"id":10165,"href":"https:\/\/luckydiamonds.lt\/lv\/wp-json\/wp\/v2\/product\/8690\/revisions\/10165"}],"wp:featuredmedia":[{"embeddable":true,"href":"https:\/\/luckydiamonds.lt\/lv\/wp-json\/wp\/v2\/media\/8387"}],"wp:attachment":[{"href":"https:\/\/luckydiamonds.lt\/lv\/wp-json\/wp\/v2\/media?parent=8690"}],"wp:term":[{"taxonomy":"product_cat","embeddable":true,"href":"https:\/\/luckydiamonds.lt\/lv\/wp-json\/wp\/v2\/product_cat?post=8690"},{"taxonomy":"product_tag","embeddable":true,"href":"https:\/\/luckydiamonds.lt\/lv\/wp-json\/wp\/v2\/product_tag?post=8690"}],"curies":[{"name":"wp","href":"https:\/\/api.w.org\/{rel}","templated":true}]}}