{"id":8697,"date":"2023-06-20T16:51:05","date_gmt":"2023-06-20T14:51:05","guid":{"rendered":"https:\/\/luckydiamonds.lt\/produktas\/sarkana-zida-rokasspradze-ar-briljantiem-krustsbaltais-zelts\/"},"modified":"2025-02-09T21:40:29","modified_gmt":"2025-02-09T19:40:29","slug":"sarkana-rokasspradze-ar-dimantiem-princese","status":"publish","type":"product","link":"https:\/\/luckydiamonds.lt\/lv\/produktas\/sarkana-rokasspradze-ar-dimantiem-princese\/","title":{"rendered":"&#8220;Krusts&#8221; Sarkana diega rokasspr\u0101dze ar dimantiem (baltais zelts)"},"content":{"rendered":"<p style=\"box-sizing: border-box; border: 0px; margin: 0px 0px 1.6em; outline: 0px; padding: 0px; vertical-align: baseline; caret-color: #696969; color: #696969; font-family: Montserrat, sans-serif;\">Sarkan\u0101 diega rokasspr\u0101dze ar dimantiem &#8220;Krusts&#8221; ir grezna j\u016bsu iecien\u012bt\u0101ko veiksmes apro\u010du interpret\u0101cija. \u0100rk\u0101rt\u012bgi \u0113rta aukla, kas lieliski piegu\u013c j\u016bsu \u0137ermenim, un izcili radz\u0113ts zelta krusts neap\u0161aub\u0101mi piesaist\u012bs uzman\u012bbu un k\u013c\u016bs par vienu no j\u016bsu iecien\u012bt\u0101kajiem ikdienas aksesu\u0101riem. <\/p>\n<p style=\"box-sizing: border-box; border: 0px; margin: 0px 0px 1.6em; outline: 0px; padding: 0px; vertical-align: baseline; caret-color: #696969; color: #696969; font-family: Montserrat, sans-serif;\">  Sarkan\u0101s veiksmes aproces garums ir piln\u012bb\u0101 regul\u0113jams, t\u0101p\u0113c viens izm\u0113rs ir piem\u0113rots visiem plaukstas loc\u012btav\u0101m.<\/p>\n<p>Latvijas proves pal\u0101t\u0101.<\/p>\n<p><i>Sazin\u0101ties<\/i> ar mums pa t\u0101lruni +371 26419909<\/p>\n","protected":false},"excerpt":{"rendered":"<p style=\"box-sizing: border-box; border: 0px; margin: 0px 0px 1.6em; outline: 0px; padding: 0px; vertical-align: baseline; caret-color: #696969; color: #696969; font-family: Montserrat, sans-serif;\"> <span style=\"background-color: #ffffff;\"> Dab\u012bgie dimanti<\/span><br style=\"box-sizing: border-box;\"><span style=\"background-color: #ffffff;\"> Dimanta t\u012br\u012bba: VS\/SI<\/span><br style=\"box-sizing: border-box;\"><span style=\"background-color: #ffffff;\"> Kar\u0101ti: 0,05-0,06 ct<\/span><\/p>\n<p style=\"box-sizing: border-box; border: 0px; margin: 0px 0px 1.6em; outline: 0px; padding: 0px; vertical-align: baseline; caret-color: #696969; color: #696969; font-family: Montserrat, sans-serif;\"><span style=\"background-color: #ffffff;\">Met\u0101ls: baltais zelts<\/span><br style=\"box-sizing: border-box;\"><span style=\"background-color: #ffffff;\">Svars: ~ 0,32-0,35 g<\/span><\/p>\n<p style=\"box-sizing: border-box; border: 0px; margin: 0px 0px 1.6em; outline: 0px; padding: 0px; vertical-align: baseline; caret-color: #696969; color: #696969; font-family: Montserrat, sans-serif;\"><span style=\"background-color: #ffffff;\">Aproces garums: univers\u0101ls<\/span><\/p>\n","protected":false},"featured_media":8390,"template":"","meta":[],"product_cat":[296,297,304],"product_tag":[],"_links":{"self":[{"href":"https:\/\/luckydiamonds.lt\/lv\/wp-json\/wp\/v2\/product\/8697"}],"collection":[{"href":"https:\/\/luckydiamonds.lt\/lv\/wp-json\/wp\/v2\/product"}],"about":[{"href":"https:\/\/luckydiamonds.lt\/lv\/wp-json\/wp\/v2\/types\/product"}],"version-history":[{"count":3,"href":"https:\/\/luckydiamonds.lt\/lv\/wp-json\/wp\/v2\/product\/8697\/revisions"}],"predecessor-version":[{"id":10510,"href":"https:\/\/luckydiamonds.lt\/lv\/wp-json\/wp\/v2\/product\/8697\/revisions\/10510"}],"wp:featuredmedia":[{"embeddable":true,"href":"https:\/\/luckydiamonds.lt\/lv\/wp-json\/wp\/v2\/media\/8390"}],"wp:attachment":[{"href":"https:\/\/luckydiamonds.lt\/lv\/wp-json\/wp\/v2\/media?parent=8697"}],"wp:term":[{"taxonomy":"product_cat","embeddable":true,"href":"https:\/\/luckydiamonds.lt\/lv\/wp-json\/wp\/v2\/product_cat?post=8697"},{"taxonomy":"product_tag","embeddable":true,"href":"https:\/\/luckydiamonds.lt\/lv\/wp-json\/wp\/v2\/product_tag?post=8697"}],"curies":[{"name":"wp","href":"https:\/\/api.w.org\/{rel}","templated":true}]}}