{"id":8703,"date":"2023-08-01T19:25:42","date_gmt":"2023-08-01T17:25:42","guid":{"rendered":"https:\/\/luckydiamonds.lt\/produktas\/judas-dimantu-rokasspradze-ar-krustinu-dzeltens-zelts\/"},"modified":"2025-02-08T00:09:07","modified_gmt":"2025-02-07T22:09:07","slug":"sarkana-sudraba-aproce-ar-dimantiem-krize-dzeltena-zelta-kopija-kopija-kopija","status":"publish","type":"product","link":"https:\/\/luckydiamonds.lt\/lv\/produktas\/sarkana-sudraba-aproce-ar-dimantiem-krize-dzeltena-zelta-kopija-kopija-kopija\/","title":{"rendered":"J\u016bdas dimantu rokasspr\u0101dze ar krusti\u0146u (dzeltens zelts)"},"content":{"rendered":"<p>Melna diega rokasspr\u0101dze ar dimantiem \u201cKrusts\u201d \u2013 t\u0101 ir grezna J\u016bsu iecien\u012bto veiksmes rokasspr\u0101d\u017eu interpret\u0101cija. \u012apa\u0161i \u0113rta, cie\u0161i pie \u0137erme\u0146a piegu\u013co\u0161a aukla un briljantiem rot\u0101ts zelta krusti\u0146\u0161 neap\u0161aub\u0101mi piesaist\u012bs skatienus un k\u013c\u016bs par vienu no J\u016bsu iecien\u012bt\u0101kajiem ikdienas aksesu\u0101riem. <\/p>\n<p>Par laimi, aproces garums ir piln\u012bb\u0101 regul\u0113jams, t\u0101p\u0113c viens izm\u0113rs ir lieliski piem\u0113rots vis\u0101m plaukstas loc\u012btav\u0101m.<\/p>\n<p>Slavas z\u0101les sertifik\u0101ts.<\/p>\n<p><em>Piepras\u012bjumus<\/em> var veikt pa t\u0101lruni: 865636666<\/p>\n<p>&nbsp;<\/p>\n","protected":false},"excerpt":{"rendered":"<p>Dab\u012bgie dimanti<br \/>\nDimanta t\u012br\u012bba: VS \/ SI<br \/>\nkar\u0101ti: 0.05-0.06 ct<\/p>\n<p>Met\u0101ls: dzeltens zelts<br \/>\nSvars: ~0.32-0.35g<\/p>\n<p>Rokasspr\u0101dzes garums: univers\u0101ls<\/p>\n","protected":false},"featured_media":8395,"template":"","meta":[],"product_cat":[296,304],"product_tag":[],"_links":{"self":[{"href":"https:\/\/luckydiamonds.lt\/lv\/wp-json\/wp\/v2\/product\/8703"}],"collection":[{"href":"https:\/\/luckydiamonds.lt\/lv\/wp-json\/wp\/v2\/product"}],"about":[{"href":"https:\/\/luckydiamonds.lt\/lv\/wp-json\/wp\/v2\/types\/product"}],"version-history":[{"count":1,"href":"https:\/\/luckydiamonds.lt\/lv\/wp-json\/wp\/v2\/product\/8703\/revisions"}],"predecessor-version":[{"id":10356,"href":"https:\/\/luckydiamonds.lt\/lv\/wp-json\/wp\/v2\/product\/8703\/revisions\/10356"}],"wp:featuredmedia":[{"embeddable":true,"href":"https:\/\/luckydiamonds.lt\/lv\/wp-json\/wp\/v2\/media\/8395"}],"wp:attachment":[{"href":"https:\/\/luckydiamonds.lt\/lv\/wp-json\/wp\/v2\/media?parent=8703"}],"wp:term":[{"taxonomy":"product_cat","embeddable":true,"href":"https:\/\/luckydiamonds.lt\/lv\/wp-json\/wp\/v2\/product_cat?post=8703"},{"taxonomy":"product_tag","embeddable":true,"href":"https:\/\/luckydiamonds.lt\/lv\/wp-json\/wp\/v2\/product_tag?post=8703"}],"curies":[{"name":"wp","href":"https:\/\/api.w.org\/{rel}","templated":true}]}}