{"id":8705,"date":"2022-11-03T10:00:17","date_gmt":"2022-11-03T08:00:17","guid":{"rendered":"https:\/\/luckydiamonds.lt\/produktas\/melna-lucky-lentes-aproce-ar-004-ct-dimantu\/"},"modified":"2025-02-09T21:41:51","modified_gmt":"2025-02-09T19:41:51","slug":"tumsi-zila-aproce-laimes-su-004-ct-diamants","status":"publish","type":"product","link":"https:\/\/luckydiamonds.lt\/lv\/produktas\/tumsi-zila-aproce-laimes-su-004-ct-diamants\/","title":{"rendered":"Melna diega rokasspr\u0101dze &#8220;Lucky&#8221; ar 0,04 ct dimantu"},"content":{"rendered":"<p>Melna diega rokasspr\u0101dze &#8220;Lucky&#8221; ir grezna j\u016bsu iecien\u012bt\u0101ko lentu interpret\u0101cija ar dimantiem. \u0100rk\u0101rt\u012bgi \u0113rts vads, kas lieliski piegu\u013c j\u016bsu \u0137ermenim, un 0,04ct izcili inkrust\u0113ts kulons noteikti piesaist\u012bs uzman\u012bbu un k\u013c\u016bs par vienu no j\u016bsu iecien\u012bt\u0101kajiem ikdienas piederumiem. <\/p>\n<p>Latvijas proves pal\u0101tas sertifik\u0101ts.<br \/>\nVeiksmes aproces garums ir piln\u012bb\u0101 regul\u0113jams, t\u0101p\u0113c viens izm\u0113rs ir lieliski piem\u0113rots vis\u0101m plaukstas loc\u012btav\u0101m.<\/p>\n<p><i>Sazin\u0101ties<\/i> ar mums pa t\u0101lruni +371 26419909<\/p>\n","protected":false},"excerpt":{"rendered":"<p>D\u0101rgakmens: sertific\u0113ts dab\u012bgais dimants.<br \/>\nRokasspr\u0101dzes garums: Univers\u0101ls<br \/>\nd\u0101rgakmens T\u012br\u012bba: VS \/ SI<br \/>\nkar\u0101ti: 0.04 ct<br \/>\nSvars: ~ 0.49g<\/p>\n","protected":false},"featured_media":8205,"template":"","meta":[],"product_cat":[296,297],"product_tag":[],"_links":{"self":[{"href":"https:\/\/luckydiamonds.lt\/lv\/wp-json\/wp\/v2\/product\/8705"}],"collection":[{"href":"https:\/\/luckydiamonds.lt\/lv\/wp-json\/wp\/v2\/product"}],"about":[{"href":"https:\/\/luckydiamonds.lt\/lv\/wp-json\/wp\/v2\/types\/product"}],"version-history":[{"count":3,"href":"https:\/\/luckydiamonds.lt\/lv\/wp-json\/wp\/v2\/product\/8705\/revisions"}],"predecessor-version":[{"id":10511,"href":"https:\/\/luckydiamonds.lt\/lv\/wp-json\/wp\/v2\/product\/8705\/revisions\/10511"}],"wp:featuredmedia":[{"embeddable":true,"href":"https:\/\/luckydiamonds.lt\/lv\/wp-json\/wp\/v2\/media\/8205"}],"wp:attachment":[{"href":"https:\/\/luckydiamonds.lt\/lv\/wp-json\/wp\/v2\/media?parent=8705"}],"wp:term":[{"taxonomy":"product_cat","embeddable":true,"href":"https:\/\/luckydiamonds.lt\/lv\/wp-json\/wp\/v2\/product_cat?post=8705"},{"taxonomy":"product_tag","embeddable":true,"href":"https:\/\/luckydiamonds.lt\/lv\/wp-json\/wp\/v2\/product_tag?post=8705"}],"curies":[{"name":"wp","href":"https:\/\/api.w.org\/{rel}","templated":true}]}}