{"id":8710,"date":"2023-07-29T16:17:41","date_gmt":"2023-07-29T14:17:41","guid":{"rendered":"https:\/\/luckydiamonds.lt\/produktas\/melnas-lentes-aproce-lucky-ar-003ct-melnu-dimantu\/"},"modified":"2025-02-08T00:10:52","modified_gmt":"2025-02-07T22:10:52","slug":"melna-un-smilsu-band-lucky-su-00-c3t-black-diamond-rokasspradze","status":"publish","type":"product","link":"https:\/\/luckydiamonds.lt\/lv\/produktas\/melna-un-smilsu-band-lucky-su-00-c3t-black-diamond-rokasspradze\/","title":{"rendered":"Melnas aproce &#8220;Lucky&#8221; ar 0,03ct melnu dimantu"},"content":{"rendered":"<p>Lucky meln\u0101 dimanta rokasspr\u0101dze ir grezna j\u016bsu iecien\u012bt\u0101ko dimanta apro\u010du interpret\u0101cija. \u0100rk\u0101rt\u012bgi \u0113rts vads, kas lieliski piegu\u013c j\u016bsu \u0137ermenim, un 0,03 ct melns dimanta kulons noteikti piesaist\u012bs uzman\u012bbu un k\u013c\u016bst par vienu no j\u016bsu iecien\u012bt\u0101kajiem ikdienas aksesu\u0101riem. <\/p>\n<p>Latvijas proves pal\u0101tas sertifik\u0101ts.<br \/>\nVeiksmes aproces garums ir piln\u012bb\u0101 regul\u0113jams, t\u0101p\u0113c viens izm\u0113rs ir lieliski piem\u0113rots vis\u0101m plaukstas loc\u012btav\u0101m.<\/p>\n<p><em>Uzzi\u0146as<\/em> var iesniegt pa t\u0101lruni: +371 26419909<\/p>\n","protected":false},"excerpt":{"rendered":"<p>Sertific\u0113ts melnais dimants 0.03ct<\/p>\n<p>Rokasspr\u0101dzes garums: Univers\u0101lais<br \/>\nsvars: ~0.45g<\/p>\n","protected":false},"featured_media":8290,"template":"","meta":[],"product_cat":[296],"product_tag":[],"_links":{"self":[{"href":"https:\/\/luckydiamonds.lt\/lv\/wp-json\/wp\/v2\/product\/8710"}],"collection":[{"href":"https:\/\/luckydiamonds.lt\/lv\/wp-json\/wp\/v2\/product"}],"about":[{"href":"https:\/\/luckydiamonds.lt\/lv\/wp-json\/wp\/v2\/types\/product"}],"version-history":[{"count":4,"href":"https:\/\/luckydiamonds.lt\/lv\/wp-json\/wp\/v2\/product\/8710\/revisions"}],"predecessor-version":[{"id":10359,"href":"https:\/\/luckydiamonds.lt\/lv\/wp-json\/wp\/v2\/product\/8710\/revisions\/10359"}],"wp:featuredmedia":[{"embeddable":true,"href":"https:\/\/luckydiamonds.lt\/lv\/wp-json\/wp\/v2\/media\/8290"}],"wp:attachment":[{"href":"https:\/\/luckydiamonds.lt\/lv\/wp-json\/wp\/v2\/media?parent=8710"}],"wp:term":[{"taxonomy":"product_cat","embeddable":true,"href":"https:\/\/luckydiamonds.lt\/lv\/wp-json\/wp\/v2\/product_cat?post=8710"},{"taxonomy":"product_tag","embeddable":true,"href":"https:\/\/luckydiamonds.lt\/lv\/wp-json\/wp\/v2\/product_tag?post=8710"}],"curies":[{"name":"wp","href":"https:\/\/api.w.org\/{rel}","templated":true}]}}