{"id":8713,"date":"2022-11-03T09:53:11","date_gmt":"2022-11-03T07:53:11","guid":{"rendered":"https:\/\/luckydiamonds.lt\/produktas\/sarkana-zida-rokasspradze-lucky-ar-003-ct-dimantu\/"},"modified":"2025-02-09T21:43:17","modified_gmt":"2025-02-09T19:43:17","slug":"sarkana-aprocelet-lucky-su-004-ct-diamants","status":"publish","type":"product","link":"https:\/\/luckydiamonds.lt\/lv\/produktas\/sarkana-aprocelet-lucky-su-004-ct-diamants\/","title":{"rendered":"Sarkana diega rokasspr\u0101dze &#8220;Lucky&#8221; ar 0,03 ct dimantu"},"content":{"rendered":"<p>Sarkana diega rokasspr\u0101dze &#8220;Lucky&#8221; ir grezna j\u016bsu iecien\u012bt\u0101ko lentu interpret\u0101cija ar briljantiem. \u0100rk\u0101rt\u012bgi \u0113rts vads, kas lieliski piegu\u013c j\u016bsu \u0137ermenim, un 0,03ct izcili inkrust\u0113ts kulons noteikti piesaist\u012bs uzman\u012bbu un k\u013c\u016bs par vienu no j\u016bsu iecien\u012bt\u0101kajiem ikdienas piederumiem. <\/p>\n<p>&nbsp;<\/p>\n<p>Izgatavots ar rok\u0101m.<br \/>\nSarkan\u0101s diega rokasspr\u0101dzes garums ir piln\u012bb\u0101 regul\u0113jams, t\u0101p\u0113c viens izm\u0113rs ir lieliski piem\u0113rots vis\u0101m plaukstas loc\u012btav\u0101m. <i>Sazin\u0101ties<\/i> ar mums pa t\u0101lruni +371 26419909<\/p>\n","protected":false},"excerpt":{"rendered":"<p>D\u0101rgakmens: Sertific\u0113ts dab\u012bgais dimanta<\/p>\n<p>kar\u0101ts: 0.03 ct<br \/>\nD\u0101rgakmens T\u012br\u012bba: VS \/ SI<\/p>\n<p>Rokasspr\u0101dzes garums: Univers\u0101ls<\/p>\n<p>AG925<br \/>\nSvars: ~0.49g<\/p>\n<p>&nbsp;<\/p>\n","protected":false},"featured_media":8404,"template":"","meta":[],"product_cat":[296,297],"product_tag":[],"_links":{"self":[{"href":"https:\/\/luckydiamonds.lt\/lv\/wp-json\/wp\/v2\/product\/8713"}],"collection":[{"href":"https:\/\/luckydiamonds.lt\/lv\/wp-json\/wp\/v2\/product"}],"about":[{"href":"https:\/\/luckydiamonds.lt\/lv\/wp-json\/wp\/v2\/types\/product"}],"version-history":[{"count":3,"href":"https:\/\/luckydiamonds.lt\/lv\/wp-json\/wp\/v2\/product\/8713\/revisions"}],"predecessor-version":[{"id":10512,"href":"https:\/\/luckydiamonds.lt\/lv\/wp-json\/wp\/v2\/product\/8713\/revisions\/10512"}],"wp:featuredmedia":[{"embeddable":true,"href":"https:\/\/luckydiamonds.lt\/lv\/wp-json\/wp\/v2\/media\/8404"}],"wp:attachment":[{"href":"https:\/\/luckydiamonds.lt\/lv\/wp-json\/wp\/v2\/media?parent=8713"}],"wp:term":[{"taxonomy":"product_cat","embeddable":true,"href":"https:\/\/luckydiamonds.lt\/lv\/wp-json\/wp\/v2\/product_cat?post=8713"},{"taxonomy":"product_tag","embeddable":true,"href":"https:\/\/luckydiamonds.lt\/lv\/wp-json\/wp\/v2\/product_tag?post=8713"}],"curies":[{"name":"wp","href":"https:\/\/api.w.org\/{rel}","templated":true}]}}