{"id":9270,"date":"2022-04-15T09:54:32","date_gmt":"2022-04-15T07:54:32","guid":{"rendered":"https:\/\/luckydiamonds.lt\/produktas\/briljants-0-30ct-h-vs2\/"},"modified":"2025-01-25T17:19:39","modified_gmt":"2025-01-25T15:19:39","slug":"briljants-0-30ct-g-vs2","status":"publish","type":"product","link":"https:\/\/luckydiamonds.lt\/lv\/produktas\/briljants-0-30ct-g-vs2\/","title":{"rendered":"Briljants 0.30ct H \/ VS2"},"content":{"rendered":"","protected":false},"excerpt":{"rendered":"<p><span style=\"font-weight: 400;\">Akmens<\/span>: dab\u012bgs briljants<br \/>\n<span style=\"font-weight: 400;\">Forma<\/span>: apa\u013ca<br \/>\n<span style=\"font-weight: 400;\">Svars<\/span>: 0.30 ct<br \/>\n<span style=\"font-weight: 400;\">Kr\u0101sa<\/span>: H (W)<br \/>\n<span style=\"font-weight: 400;\">T\u012br\u012bbas pak\u0101pe<\/span>: VS2<br \/>\n<span style=\"font-weight: 400;\">Sertifik\u0101ts<\/span>: Lietuvas Slavas z\u0101le<\/p>\n","protected":false},"featured_media":7836,"template":"","meta":[],"product_cat":[315,318],"product_tag":[],"_links":{"self":[{"href":"https:\/\/luckydiamonds.lt\/lv\/wp-json\/wp\/v2\/product\/9270"}],"collection":[{"href":"https:\/\/luckydiamonds.lt\/lv\/wp-json\/wp\/v2\/product"}],"about":[{"href":"https:\/\/luckydiamonds.lt\/lv\/wp-json\/wp\/v2\/types\/product"}],"version-history":[{"count":1,"href":"https:\/\/luckydiamonds.lt\/lv\/wp-json\/wp\/v2\/product\/9270\/revisions"}],"predecessor-version":[{"id":9271,"href":"https:\/\/luckydiamonds.lt\/lv\/wp-json\/wp\/v2\/product\/9270\/revisions\/9271"}],"wp:featuredmedia":[{"embeddable":true,"href":"https:\/\/luckydiamonds.lt\/lv\/wp-json\/wp\/v2\/media\/7836"}],"wp:attachment":[{"href":"https:\/\/luckydiamonds.lt\/lv\/wp-json\/wp\/v2\/media?parent=9270"}],"wp:term":[{"taxonomy":"product_cat","embeddable":true,"href":"https:\/\/luckydiamonds.lt\/lv\/wp-json\/wp\/v2\/product_cat?post=9270"},{"taxonomy":"product_tag","embeddable":true,"href":"https:\/\/luckydiamonds.lt\/lv\/wp-json\/wp\/v2\/product_tag?post=9270"}],"curies":[{"name":"wp","href":"https:\/\/api.w.org\/{rel}","templated":true}]}}