{"id":9276,"date":"2022-04-15T10:00:25","date_gmt":"2022-04-15T08:00:25","guid":{"rendered":"https:\/\/luckydiamonds.lt\/produktas\/briljants-0-302ct-i-si2\/"},"modified":"2025-01-25T17:19:40","modified_gmt":"2025-01-25T15:19:40","slug":"briljants-0-302ct-i-si2","status":"publish","type":"product","link":"https:\/\/luckydiamonds.lt\/lv\/produktas\/briljants-0-302ct-i-si2\/","title":{"rendered":"Briljants 0.302ct I\/SI2"},"content":{"rendered":"","protected":false},"excerpt":{"rendered":"<p><span style=\"font-weight: 400;\">Akmens<\/span>: dab\u012bgs briljants<br \/>\n<span style=\"font-weight: 400;\">Forma<\/span>: apa\u013ca<br \/>\n<span style=\"font-weight: 400;\">Svars<\/span>: 0.302 ct<br \/>\n<span style=\"font-weight: 400;\">Kr\u0101sa<\/span>: I (STW)<br \/>\n<span style=\"font-weight: 400;\">T\u012br\u012bbas pak\u0101pe<\/span>: SI2<br \/>\n<span style=\"font-weight: 400;\">Sertifik\u0101ts<\/span>: Latvijas Slavas z\u0101le<\/p>\n","protected":false},"featured_media":7836,"template":"","meta":[],"product_cat":[315,318],"product_tag":[],"_links":{"self":[{"href":"https:\/\/luckydiamonds.lt\/lv\/wp-json\/wp\/v2\/product\/9276"}],"collection":[{"href":"https:\/\/luckydiamonds.lt\/lv\/wp-json\/wp\/v2\/product"}],"about":[{"href":"https:\/\/luckydiamonds.lt\/lv\/wp-json\/wp\/v2\/types\/product"}],"version-history":[{"count":1,"href":"https:\/\/luckydiamonds.lt\/lv\/wp-json\/wp\/v2\/product\/9276\/revisions"}],"predecessor-version":[{"id":9279,"href":"https:\/\/luckydiamonds.lt\/lv\/wp-json\/wp\/v2\/product\/9276\/revisions\/9279"}],"wp:featuredmedia":[{"embeddable":true,"href":"https:\/\/luckydiamonds.lt\/lv\/wp-json\/wp\/v2\/media\/7836"}],"wp:attachment":[{"href":"https:\/\/luckydiamonds.lt\/lv\/wp-json\/wp\/v2\/media?parent=9276"}],"wp:term":[{"taxonomy":"product_cat","embeddable":true,"href":"https:\/\/luckydiamonds.lt\/lv\/wp-json\/wp\/v2\/product_cat?post=9276"},{"taxonomy":"product_tag","embeddable":true,"href":"https:\/\/luckydiamonds.lt\/lv\/wp-json\/wp\/v2\/product_tag?post=9276"}],"curies":[{"name":"wp","href":"https:\/\/api.w.org\/{rel}","templated":true}]}}