{"id":9345,"date":"2022-04-04T09:33:02","date_gmt":"2022-04-04T07:33:02","guid":{"rendered":"https:\/\/luckydiamonds.lt\/produktas\/briljants-0-40ct-f-vs2\/"},"modified":"2025-01-25T17:20:39","modified_gmt":"2025-01-25T15:20:39","slug":"briljants-0-40ct-f-vs2","status":"publish","type":"product","link":"https:\/\/luckydiamonds.lt\/lv\/produktas\/briljants-0-40ct-f-vs2\/","title":{"rendered":"Briljants 0.40ct F\/VS2"},"content":{"rendered":"","protected":false},"excerpt":{"rendered":"<p><span style=\"font-weight: 400;\">Akmens<\/span>: dab\u012bgs Briljanta<br \/>\n<span style=\"font-weight: 400;\">forma<\/span>: apa\u013c\u0161<br \/>\n<span style=\"font-weight: 400;\">Svars<\/span>: 0.40 ct<br \/>\n<span style=\"font-weight: 400;\">Kr\u0101sa<\/span>:F (RW+)<br \/>\n<span style=\"font-weight: 400;\">T\u012br\u012bbas pak\u0101pe<\/span>: VS2<br \/>\n<span style=\"font-weight: 400;\">Sertifik\u0101ts<\/span>: GIA<\/p>\n","protected":false},"featured_media":7836,"template":"","meta":[],"product_cat":[315,318],"product_tag":[],"_links":{"self":[{"href":"https:\/\/luckydiamonds.lt\/lv\/wp-json\/wp\/v2\/product\/9345"}],"collection":[{"href":"https:\/\/luckydiamonds.lt\/lv\/wp-json\/wp\/v2\/product"}],"about":[{"href":"https:\/\/luckydiamonds.lt\/lv\/wp-json\/wp\/v2\/types\/product"}],"version-history":[{"count":1,"href":"https:\/\/luckydiamonds.lt\/lv\/wp-json\/wp\/v2\/product\/9345\/revisions"}],"predecessor-version":[{"id":9356,"href":"https:\/\/luckydiamonds.lt\/lv\/wp-json\/wp\/v2\/product\/9345\/revisions\/9356"}],"wp:featuredmedia":[{"embeddable":true,"href":"https:\/\/luckydiamonds.lt\/lv\/wp-json\/wp\/v2\/media\/7836"}],"wp:attachment":[{"href":"https:\/\/luckydiamonds.lt\/lv\/wp-json\/wp\/v2\/media?parent=9345"}],"wp:term":[{"taxonomy":"product_cat","embeddable":true,"href":"https:\/\/luckydiamonds.lt\/lv\/wp-json\/wp\/v2\/product_cat?post=9345"},{"taxonomy":"product_tag","embeddable":true,"href":"https:\/\/luckydiamonds.lt\/lv\/wp-json\/wp\/v2\/product_tag?post=9345"}],"curies":[{"name":"wp","href":"https:\/\/api.w.org\/{rel}","templated":true}]}}