{"id":9347,"date":"2022-02-11T15:36:05","date_gmt":"2022-02-11T13:36:05","guid":{"rendered":"https:\/\/luckydiamonds.lt\/produktas\/paris-rokasspradzes-lentes-ar-dimantu-002-ct\/"},"modified":"2025-02-09T21:54:43","modified_gmt":"2025-02-09T19:54:43","slug":"rokasspradze-lente-paris-ar-002-ct-diamond-2","status":"publish","type":"product","link":"https:\/\/luckydiamonds.lt\/lv\/produktas\/rokasspradze-lente-paris-ar-002-ct-diamond-2\/","title":{"rendered":"P\u0101ris diega rokasspr\u0101dzes ar dimantu 0,02 ct"},"content":{"rendered":"<p>Lucky diamonds rokasspr\u0101dzes ar dimantiem ir lieliska d\u0101vana sev, draugiem vai b\u0113rniem jebkuram gad\u012bjumam. Smalkas un viegli valk\u0101jamas, inkrust\u0113tas ar dimantu, \u0161\u012bs rokasspr\u0101dzes \u0101tri k\u013c\u016bs par vienu no j\u016bsu iecien\u012bt\u0101kajiem ikdienas aksesu\u0101riem. <\/p>\n<p>&nbsp;<\/p>\n<p>Izgatavots ar rok\u0101m.<br \/>\nRokasspr\u0101dzes garums ir piln\u012bb\u0101 regul\u0113jams, t\u0101p\u0113c viens izm\u0113rs ir ide\u0101li piem\u0113rots vis\u0101m plaukstas loc\u012btav\u0101m. J\u016bs varat izv\u0113l\u0113ties, k\u0101du kr\u0101su kombin\u0101ciju v\u0113laties, uzrakstot sec\u012bb\u0101, k\u0101du rokasspr\u0101dzi v\u0113laties. (Piem\u0113ram, 2gab. sarkans) <i>Sazin\u0101ties<\/i> ar mums pa t\u0101lruni +371 26419909<\/p>\n","protected":false},"excerpt":{"rendered":"<p>Dab\u012bgais dimants<br \/>\nD\u0101rgakmens t\u012br\u012bba: VS-SI<br \/>\nkar\u0101ti: p\u0113c 0,02 ct<br \/>\nAproces garums: univers\u0101ls<br \/>\nSvars: 0.19 g \u2013 0.22 g<\/p>\n<p>&nbsp;<\/p>\n","protected":false},"featured_media":7953,"template":"","meta":[],"product_cat":[296],"product_tag":[],"_links":{"self":[{"href":"https:\/\/luckydiamonds.lt\/lv\/wp-json\/wp\/v2\/product\/9347"}],"collection":[{"href":"https:\/\/luckydiamonds.lt\/lv\/wp-json\/wp\/v2\/product"}],"about":[{"href":"https:\/\/luckydiamonds.lt\/lv\/wp-json\/wp\/v2\/types\/product"}],"version-history":[{"count":2,"href":"https:\/\/luckydiamonds.lt\/lv\/wp-json\/wp\/v2\/product\/9347\/revisions"}],"predecessor-version":[{"id":10516,"href":"https:\/\/luckydiamonds.lt\/lv\/wp-json\/wp\/v2\/product\/9347\/revisions\/10516"}],"wp:featuredmedia":[{"embeddable":true,"href":"https:\/\/luckydiamonds.lt\/lv\/wp-json\/wp\/v2\/media\/7953"}],"wp:attachment":[{"href":"https:\/\/luckydiamonds.lt\/lv\/wp-json\/wp\/v2\/media?parent=9347"}],"wp:term":[{"taxonomy":"product_cat","embeddable":true,"href":"https:\/\/luckydiamonds.lt\/lv\/wp-json\/wp\/v2\/product_cat?post=9347"},{"taxonomy":"product_tag","embeddable":true,"href":"https:\/\/luckydiamonds.lt\/lv\/wp-json\/wp\/v2\/product_tag?post=9347"}],"curies":[{"name":"wp","href":"https:\/\/api.w.org\/{rel}","templated":true}]}}