{"id":9359,"date":"2022-03-15T16:14:06","date_gmt":"2022-03-15T14:14:06","guid":{"rendered":"https:\/\/luckydiamonds.lt\/produktas\/2-18-ct-balta-zelta-aproce-ar-dimantiem-teniss\/"},"modified":"2025-02-09T21:30:59","modified_gmt":"2025-02-09T19:30:59","slug":"2-18-ct-balts-zelts-rokasspradze-ar-briljantiem-teniss","status":"publish","type":"product","link":"https:\/\/luckydiamonds.lt\/lv\/produktas\/2-18-ct-balts-zelts-rokasspradze-ar-briljantiem-teniss\/","title":{"rendered":"&#8220;Teniss&#8221; balt\u0101 zelta rokasspr\u0101dze ar dimantiem 2.18 ct"},"content":{"rendered":"","protected":false},"excerpt":{"rendered":"<p>Sertific\u0113ti dab\u012bgie dimanti<br \/>Dimanta svars: 2.18 ct<\/p>\n<p>Dimanta forma: apa\u013ca<\/p>\n<p>Dimanta kr\u0101sa: TW-T<\/p>\n<p>Dimanta t\u012br\u012bba: VS-SI<\/p>\n<p>Met\u0101ls: Zelts 585<\/p>\n<p>Svars: 10.41 g<\/p>\n<p>Rokasspr\u0101dze Garums: 17.9 cm<\/p>\n<p>&nbsp;<\/p>\n<p>&nbsp;<\/p>\n","protected":false},"featured_media":7956,"template":"","meta":[],"product_cat":[333],"product_tag":[],"_links":{"self":[{"href":"https:\/\/luckydiamonds.lt\/lv\/wp-json\/wp\/v2\/product\/9359"}],"collection":[{"href":"https:\/\/luckydiamonds.lt\/lv\/wp-json\/wp\/v2\/product"}],"about":[{"href":"https:\/\/luckydiamonds.lt\/lv\/wp-json\/wp\/v2\/types\/product"}],"version-history":[{"count":2,"href":"https:\/\/luckydiamonds.lt\/lv\/wp-json\/wp\/v2\/product\/9359\/revisions"}],"predecessor-version":[{"id":10505,"href":"https:\/\/luckydiamonds.lt\/lv\/wp-json\/wp\/v2\/product\/9359\/revisions\/10505"}],"wp:featuredmedia":[{"embeddable":true,"href":"https:\/\/luckydiamonds.lt\/lv\/wp-json\/wp\/v2\/media\/7956"}],"wp:attachment":[{"href":"https:\/\/luckydiamonds.lt\/lv\/wp-json\/wp\/v2\/media?parent=9359"}],"wp:term":[{"taxonomy":"product_cat","embeddable":true,"href":"https:\/\/luckydiamonds.lt\/lv\/wp-json\/wp\/v2\/product_cat?post=9359"},{"taxonomy":"product_tag","embeddable":true,"href":"https:\/\/luckydiamonds.lt\/lv\/wp-json\/wp\/v2\/product_tag?post=9359"}],"curies":[{"name":"wp","href":"https:\/\/api.w.org\/{rel}","templated":true}]}}