{"id":9365,"date":"2022-02-15T14:27:02","date_gmt":"2022-02-15T12:27:02","guid":{"rendered":"https:\/\/luckydiamonds.lt\/produktas\/088-ct-balta-zelta-kulonu-krusts-ar-dimantiem\/"},"modified":"2025-02-09T21:45:38","modified_gmt":"2025-02-09T19:45:38","slug":"1-0-ct-balts-zelts-kulons-krucifikss-ar-briljantiem","status":"publish","type":"product","link":"https:\/\/luckydiamonds.lt\/lv\/produktas\/1-0-ct-balts-zelts-kulons-krucifikss-ar-briljantiem\/","title":{"rendered":"Balt\u0101 zelta krusts ar dimantiem 0,88 ct"},"content":{"rendered":"","protected":false},"excerpt":{"rendered":"<p>Sertific\u0113ti dab\u012bgie dimanti<br \/>\nKar\u0101ti: 0.88 ct D\u0101rgakmens<br \/>\nKr\u0101sa: W<\/p>\n<p>Dimanta T\u012br\u012bba: VS- SI<\/p>\n<p>Baltais Zelts 585<br \/>\nSvars: 2.90 g<\/p>\n","protected":false},"featured_media":7902,"template":"","meta":[],"product_cat":[297,304],"product_tag":[],"_links":{"self":[{"href":"https:\/\/luckydiamonds.lt\/lv\/wp-json\/wp\/v2\/product\/9365"}],"collection":[{"href":"https:\/\/luckydiamonds.lt\/lv\/wp-json\/wp\/v2\/product"}],"about":[{"href":"https:\/\/luckydiamonds.lt\/lv\/wp-json\/wp\/v2\/types\/product"}],"version-history":[{"count":2,"href":"https:\/\/luckydiamonds.lt\/lv\/wp-json\/wp\/v2\/product\/9365\/revisions"}],"predecessor-version":[{"id":10514,"href":"https:\/\/luckydiamonds.lt\/lv\/wp-json\/wp\/v2\/product\/9365\/revisions\/10514"}],"wp:featuredmedia":[{"embeddable":true,"href":"https:\/\/luckydiamonds.lt\/lv\/wp-json\/wp\/v2\/media\/7902"}],"wp:attachment":[{"href":"https:\/\/luckydiamonds.lt\/lv\/wp-json\/wp\/v2\/media?parent=9365"}],"wp:term":[{"taxonomy":"product_cat","embeddable":true,"href":"https:\/\/luckydiamonds.lt\/lv\/wp-json\/wp\/v2\/product_cat?post=9365"},{"taxonomy":"product_tag","embeddable":true,"href":"https:\/\/luckydiamonds.lt\/lv\/wp-json\/wp\/v2\/product_tag?post=9365"}],"curies":[{"name":"wp","href":"https:\/\/api.w.org\/{rel}","templated":true}]}}