{"id":9382,"date":"2022-02-10T12:40:11","date_gmt":"2022-02-10T10:40:11","guid":{"rendered":"https:\/\/luckydiamonds.lt\/produktas\/dabas-briljants-0-14ct\/"},"modified":"2025-02-09T21:19:26","modified_gmt":"2025-02-09T19:19:26","slug":"dabas-briljanta-0-14ct","status":"publish","type":"product","link":"https:\/\/luckydiamonds.lt\/lv\/produktas\/dabas-briljanta-0-14ct\/","title":{"rendered":"Dab\u012bgs briljants 0.14ct"},"content":{"rendered":"<p>Briljanti \u2013 tie ir visv\u0113rt\u012bg\u0101kie un visret\u0101k sastopamie d\u0101rgakme\u0146i uz Zemes, kas saglab\u0101 savu liel\u0101ko un stabil\u0101ko v\u0113rt\u012bbu. Apstr\u0101d\u0101jot dimantu, tas tiek sl\u012bp\u0113ts, l\u012bdz ieg\u016bst 57 \u0161\u0137autnes. \u0160\u0101ds apstr\u0101d\u0101ts dimants tiek saukts par briljantu.<br \/>Briljants, pateicoties sav\u0101m \u0161\u0137autn\u0113m, atstaro maksim\u0101lu gaismu, izce\u013cot savu dabisko mirdzumu un apburo\u0161o spo\u017eumu. Briljantu v\u0113rt\u012bba sv\u0101rst\u0101s \u013coti minim\u0101li, t\u0101p\u0113c tas ir ide\u0101ls ieguld\u012bjums invest\u012bciju portfel\u012b un finansi\u0101l\u0101s stabilit\u0101tes nodro\u0161in\u0101\u0161anai n\u0101kotn\u0113. Neliels akmens, kas ietilpst starp pirkstiem, var k\u013c\u016bt par sp\u0113c\u012bgu pamatu jaunam dz\u012bves s\u0101kumam.<\/p>\n<p>     Visi m\u016bsu briljanti ir ori\u0123in\u0101li, p\u0101rbaud\u012bti un sertific\u0113ti Latvijas proves biroj\u0101.<\/p>\n<p>P\u0113c individu\u0101la pas\u016bt\u012bjuma varam pied\u0101v\u0101t da\u017e\u0101du parametru, formu un kr\u0101su invest\u012bciju briljantus. Ja jums nepiecie\u0161ama konsult\u0101cija vai padoms, vienm\u0113r varat sazin\u0101ties ar mums pa t\u0101lruni +371 26419909 vai e-pastu <a href=\"mailto:diamondtrust@inbox.lv\"><u>diamondtrust@inbox.lv.<\/u><\/a> <\/p>\n","protected":false},"excerpt":{"rendered":"<p><span style=\"font-weight: 400;\">Akmens<\/span>: dab\u012bgs briljants<br \/>\n<span style=\"font-weight: 400;\">Forma<\/span>: apa\u013ca<br \/>\n<span style=\"font-weight: 400;\">Svars<\/span>: 0.14 ct<br \/>\n<span style=\"font-weight: 400;\">Kr\u0101sa<\/span>: G-J<br \/>\n<span style=\"font-weight: 400;\">T\u012br\u012bbas pak\u0101pe<\/span>: SI2-I<br \/>\n<span style=\"font-weight: 400;\">Sertifik\u0101ts<\/span>: Latvijas proves pal\u0101t\u0101<\/p>\n","protected":false},"featured_media":8000,"template":"","meta":[],"product_cat":[315,336],"product_tag":[],"_links":{"self":[{"href":"https:\/\/luckydiamonds.lt\/lv\/wp-json\/wp\/v2\/product\/9382"}],"collection":[{"href":"https:\/\/luckydiamonds.lt\/lv\/wp-json\/wp\/v2\/product"}],"about":[{"href":"https:\/\/luckydiamonds.lt\/lv\/wp-json\/wp\/v2\/types\/product"}],"version-history":[{"count":3,"href":"https:\/\/luckydiamonds.lt\/lv\/wp-json\/wp\/v2\/product\/9382\/revisions"}],"predecessor-version":[{"id":10487,"href":"https:\/\/luckydiamonds.lt\/lv\/wp-json\/wp\/v2\/product\/9382\/revisions\/10487"}],"wp:featuredmedia":[{"embeddable":true,"href":"https:\/\/luckydiamonds.lt\/lv\/wp-json\/wp\/v2\/media\/8000"}],"wp:attachment":[{"href":"https:\/\/luckydiamonds.lt\/lv\/wp-json\/wp\/v2\/media?parent=9382"}],"wp:term":[{"taxonomy":"product_cat","embeddable":true,"href":"https:\/\/luckydiamonds.lt\/lv\/wp-json\/wp\/v2\/product_cat?post=9382"},{"taxonomy":"product_tag","embeddable":true,"href":"https:\/\/luckydiamonds.lt\/lv\/wp-json\/wp\/v2\/product_tag?post=9382"}],"curies":[{"name":"wp","href":"https:\/\/api.w.org\/{rel}","templated":true}]}}