{"id":9414,"date":"2022-02-09T15:23:05","date_gmt":"2022-02-09T13:23:05","guid":{"rendered":"https:\/\/luckydiamonds.lt\/produktas\/2-3-ct-dzeltena-zelta-aproce-ar-briljantiem-teniss\/"},"modified":"2025-02-09T21:31:47","modified_gmt":"2025-02-09T19:31:47","slug":"2-3-ct-dzeltens-zelts-rokasspradze-su-briljanti-teniss","status":"publish","type":"product","link":"https:\/\/luckydiamonds.lt\/lv\/produktas\/2-3-ct-dzeltens-zelts-rokasspradze-su-briljanti-teniss\/","title":{"rendered":"&#8220;Teniss&#8221; dzelten\u0101 zelta rokasspr\u0101dze ar dimantiem 2.3 ct"},"content":{"rendered":"","protected":false},"excerpt":{"rendered":"<p>AKME\u0145I: DIMANTI<br \/>\nDIMANTA SVARS: ~2.3 CT<br \/>\nDIMANTA FORMA: APA\u013bA<br \/>\nDIMANTA KR\u0100SA: STW-T<br \/>\nDIMANTA T\u012aR\u012aBA: SI-P1<br \/>\nMET\u0100LS: 585 AU<br \/>\nSVARS: 10.88 G<\/p>\n<p>Rokasspr\u0101dzes garums: 18.9 cm<\/p>\n<p>&nbsp;<\/p>\n","protected":false},"featured_media":7952,"template":"","meta":[],"product_cat":[333],"product_tag":[],"_links":{"self":[{"href":"https:\/\/luckydiamonds.lt\/lv\/wp-json\/wp\/v2\/product\/9414"}],"collection":[{"href":"https:\/\/luckydiamonds.lt\/lv\/wp-json\/wp\/v2\/product"}],"about":[{"href":"https:\/\/luckydiamonds.lt\/lv\/wp-json\/wp\/v2\/types\/product"}],"version-history":[{"count":2,"href":"https:\/\/luckydiamonds.lt\/lv\/wp-json\/wp\/v2\/product\/9414\/revisions"}],"predecessor-version":[{"id":10506,"href":"https:\/\/luckydiamonds.lt\/lv\/wp-json\/wp\/v2\/product\/9414\/revisions\/10506"}],"wp:featuredmedia":[{"embeddable":true,"href":"https:\/\/luckydiamonds.lt\/lv\/wp-json\/wp\/v2\/media\/7952"}],"wp:attachment":[{"href":"https:\/\/luckydiamonds.lt\/lv\/wp-json\/wp\/v2\/media?parent=9414"}],"wp:term":[{"taxonomy":"product_cat","embeddable":true,"href":"https:\/\/luckydiamonds.lt\/lv\/wp-json\/wp\/v2\/product_cat?post=9414"},{"taxonomy":"product_tag","embeddable":true,"href":"https:\/\/luckydiamonds.lt\/lv\/wp-json\/wp\/v2\/product_tag?post=9414"}],"curies":[{"name":"wp","href":"https:\/\/api.w.org\/{rel}","templated":true}]}}