{"id":9450,"date":"2022-02-02T11:06:58","date_gmt":"2022-02-02T09:06:58","guid":{"rendered":"https:\/\/luckydiamonds.lt\/produktas\/melna-susanas-aproce-ar-002-ct-dimantu\/"},"modified":"2025-01-31T12:53:33","modified_gmt":"2025-01-31T10:53:33","slug":"melna-rokasspradze-lente-ar-002-ct-diamond-2","status":"publish","type":"product","link":"https:\/\/luckydiamonds.lt\/lv\/produktas\/melna-rokasspradze-lente-ar-002-ct-diamond-2\/","title":{"rendered":"Melna aproce ar 0,02 ct dimantu"},"content":{"rendered":"<p>Lucky diamonds meln\u0101 rokasspr\u0101dzes lente ar dab\u012bgo dimantu ir lieliska d\u0101vana sev, draugiem vai \u0123imenei jebkuram gad\u012bjumam. Smalkas un viegli n\u0113s\u0101jamas, inkrust\u0113tas ar dimantu, \u0161\u012bs meln\u0101s kr\u0101sas rokasspr\u0101dzes \u0101tri k\u013c\u016bs par vienu no j\u016bsu iecien\u012bt\u0101kajiem ikdienas piederumiem. <\/p>\n<p><em>Bezmaksas pieg\u0101de!<\/em><\/p>\n<p>Izgatavots ar rok\u0101m Lietuv\u0101.<br \/>\nRokasspr\u0101dzes garums ir piln\u012bb\u0101 regul\u0113jams, t\u0101p\u0113c viens izm\u0113rs ir ide\u0101li piem\u0113rots vis\u0101m plaukstas loc\u012btav\u0101m. <i>Piepras\u012bjumus<\/i> var iesniegt pa t\u0101lruni: 865636666<\/p>\n","protected":false},"excerpt":{"rendered":"<p>Dab\u012bgs sertific\u0113ts dimants<br \/>\nD\u0101rgakmens t\u012br\u012bba: VS-SI<br \/>\nkar\u0101ti: 0.02ct<\/p>\n<p>Aproces garums: univers\u0101ls<br \/>\nSvars: 0.19 g \u2013 0.22 g<\/p>\n<p><i>Pieg\u0101de Lietuv\u0101 \u2013 <\/i><b><i>bez maksas!<\/i><\/b><\/p>\n","protected":false},"featured_media":7951,"template":"","meta":[],"product_cat":[296,297],"product_tag":[],"_links":{"self":[{"href":"https:\/\/luckydiamonds.lt\/lv\/wp-json\/wp\/v2\/product\/9450"}],"collection":[{"href":"https:\/\/luckydiamonds.lt\/lv\/wp-json\/wp\/v2\/product"}],"about":[{"href":"https:\/\/luckydiamonds.lt\/lv\/wp-json\/wp\/v2\/types\/product"}],"version-history":[{"count":2,"href":"https:\/\/luckydiamonds.lt\/lv\/wp-json\/wp\/v2\/product\/9450\/revisions"}],"predecessor-version":[{"id":9928,"href":"https:\/\/luckydiamonds.lt\/lv\/wp-json\/wp\/v2\/product\/9450\/revisions\/9928"}],"wp:featuredmedia":[{"embeddable":true,"href":"https:\/\/luckydiamonds.lt\/lv\/wp-json\/wp\/v2\/media\/7951"}],"wp:attachment":[{"href":"https:\/\/luckydiamonds.lt\/lv\/wp-json\/wp\/v2\/media?parent=9450"}],"wp:term":[{"taxonomy":"product_cat","embeddable":true,"href":"https:\/\/luckydiamonds.lt\/lv\/wp-json\/wp\/v2\/product_cat?post=9450"},{"taxonomy":"product_tag","embeddable":true,"href":"https:\/\/luckydiamonds.lt\/lv\/wp-json\/wp\/v2\/product_tag?post=9450"}],"curies":[{"name":"wp","href":"https:\/\/api.w.org\/{rel}","templated":true}]}}