{"id":9462,"date":"2021-12-09T11:01:41","date_gmt":"2021-12-09T09:01:41","guid":{"rendered":"https:\/\/luckydiamonds.lt\/produktas\/briljants-0-252ct-g-si2-2\/"},"modified":"2025-01-25T17:22:27","modified_gmt":"2025-01-25T15:22:27","slug":"briljants-0-252ct-g-si2-2","status":"publish","type":"product","link":"https:\/\/luckydiamonds.lt\/lv\/produktas\/briljants-0-252ct-g-si2-2\/","title":{"rendered":"Briljants 0.252ct G \/ SI2"},"content":{"rendered":"","protected":false},"excerpt":{"rendered":"<p><span style=\"font-weight: 400;\">Akmens<\/span>: dab\u012bgs briljants<br \/>\n<span style=\"font-weight: 400;\">Forma<\/span>: apa\u013ca<br \/>\n<span style=\"font-weight: 400;\">Svars<\/span>: 0.252 ct<br \/>\n<span style=\"font-weight: 400;\">Kr\u0101sa<\/span>: G (RW)<br \/>\n<span style=\"font-weight: 400;\">T\u012br\u012bbas pak\u0101pe<\/span>: SI2<br \/>\n<span style=\"font-weight: 400;\">Sertifik\u0101ts<\/span>: Latvijas Slavas z\u0101le<\/p>\n","protected":false},"featured_media":7836,"template":"","meta":[],"product_cat":[315,318],"product_tag":[],"_links":{"self":[{"href":"https:\/\/luckydiamonds.lt\/lv\/wp-json\/wp\/v2\/product\/9462"}],"collection":[{"href":"https:\/\/luckydiamonds.lt\/lv\/wp-json\/wp\/v2\/product"}],"about":[{"href":"https:\/\/luckydiamonds.lt\/lv\/wp-json\/wp\/v2\/types\/product"}],"version-history":[{"count":1,"href":"https:\/\/luckydiamonds.lt\/lv\/wp-json\/wp\/v2\/product\/9462\/revisions"}],"predecessor-version":[{"id":9467,"href":"https:\/\/luckydiamonds.lt\/lv\/wp-json\/wp\/v2\/product\/9462\/revisions\/9467"}],"wp:featuredmedia":[{"embeddable":true,"href":"https:\/\/luckydiamonds.lt\/lv\/wp-json\/wp\/v2\/media\/7836"}],"wp:attachment":[{"href":"https:\/\/luckydiamonds.lt\/lv\/wp-json\/wp\/v2\/media?parent=9462"}],"wp:term":[{"taxonomy":"product_cat","embeddable":true,"href":"https:\/\/luckydiamonds.lt\/lv\/wp-json\/wp\/v2\/product_cat?post=9462"},{"taxonomy":"product_tag","embeddable":true,"href":"https:\/\/luckydiamonds.lt\/lv\/wp-json\/wp\/v2\/product_tag?post=9462"}],"curies":[{"name":"wp","href":"https:\/\/api.w.org\/{rel}","templated":true}]}}