{"id":9473,"date":"2022-01-28T08:55:13","date_gmt":"2022-01-28T06:55:13","guid":{"rendered":"https:\/\/luckydiamonds.lt\/produktas\/sarkana-susanas-aproce-ar-002-ct-dimantu\/"},"modified":"2025-02-09T21:48:01","modified_gmt":"2025-02-09T19:48:01","slug":"sarkana-rokasspradze-2","status":"publish","type":"product","link":"https:\/\/luckydiamonds.lt\/lv\/produktas\/sarkana-rokasspradze-2\/","title":{"rendered":"Sarkana diega rokasspr\u0101dze ar 0,02 ct dimantu"},"content":{"rendered":"<p>Sarkana diega rokasspr\u0101dze ir lieliska d\u0101vana sev, draugiem vai \u0123imenei jebkuram gad\u012bjumam. Smalkas un viegli valk\u0101jamas, inkrust\u0113tas ar dimantu, \u0161\u012bs sarkan\u0101s kr\u0101sas rokasspr\u0101dzes \u0101tri k\u013c\u016bs par vienu no j\u016bsu iecien\u012bt\u0101kajiem ikdienas aksesu\u0101riem.<br \/>\nSarkan\u0101s \u0161uves un dimanta kombin\u0101cija joproj\u0101m ir viens no slaven\u0101kajiem aizsardz\u012bbas simboliem un, dom\u0101jams, aizsarg\u0101 pret \u013caunaj\u0101m ac\u012bm. <\/p>\n<p>Latvijas proves pal\u0101tas sertifik\u0101ts.<br \/>\nLaimes aproces garums ir piln\u012bb\u0101 regul\u0113jams, t\u0101p\u0113c viens izm\u0113rs ir lieliski piem\u0113rots vis\u0101m plaukstas loc\u012btav\u0101m.<\/p>\n<p><i>Sazin\u0101ties<\/i> ar mums pa t\u0101lruni +371 26419909<\/p>\n","protected":false},"excerpt":{"rendered":"<p>D\u0101rgakmens: Sertific\u0113ts dab\u012bgais dimants<\/p>\n<p>Kar\u0101ti: 0.02 ct<\/p>\n<p>Dimanta t\u012br\u012bba: VS (\u013coti t\u012brs)<\/p>\n<p>Rokasspr\u0101dzes garums: univers\u0101ls<br \/>\nSvars: 0.19 g \u2013 0.22 g<\/p>\n","protected":false},"featured_media":7949,"template":"","meta":[],"product_cat":[296,297],"product_tag":[],"_links":{"self":[{"href":"https:\/\/luckydiamonds.lt\/lv\/wp-json\/wp\/v2\/product\/9473"}],"collection":[{"href":"https:\/\/luckydiamonds.lt\/lv\/wp-json\/wp\/v2\/product"}],"about":[{"href":"https:\/\/luckydiamonds.lt\/lv\/wp-json\/wp\/v2\/types\/product"}],"version-history":[{"count":3,"href":"https:\/\/luckydiamonds.lt\/lv\/wp-json\/wp\/v2\/product\/9473\/revisions"}],"predecessor-version":[{"id":10515,"href":"https:\/\/luckydiamonds.lt\/lv\/wp-json\/wp\/v2\/product\/9473\/revisions\/10515"}],"wp:featuredmedia":[{"embeddable":true,"href":"https:\/\/luckydiamonds.lt\/lv\/wp-json\/wp\/v2\/media\/7949"}],"wp:attachment":[{"href":"https:\/\/luckydiamonds.lt\/lv\/wp-json\/wp\/v2\/media?parent=9473"}],"wp:term":[{"taxonomy":"product_cat","embeddable":true,"href":"https:\/\/luckydiamonds.lt\/lv\/wp-json\/wp\/v2\/product_cat?post=9473"},{"taxonomy":"product_tag","embeddable":true,"href":"https:\/\/luckydiamonds.lt\/lv\/wp-json\/wp\/v2\/product_tag?post=9473"}],"curies":[{"name":"wp","href":"https:\/\/api.w.org\/{rel}","templated":true}]}}