{"id":9618,"date":"2021-12-08T19:14:27","date_gmt":"2021-12-08T17:14:27","guid":{"rendered":"https:\/\/luckydiamonds.lt\/produktas\/briljantu-paris-012ct-g-vvs\/"},"modified":"2025-01-28T12:39:28","modified_gmt":"2025-01-28T10:39:28","slug":"briljantu-paris-012ct-g-vvs","status":"publish","type":"product","link":"https:\/\/luckydiamonds.lt\/lv\/produktas\/briljantu-paris-012ct-g-vvs\/","title":{"rendered":"Briljantu p\u0101ris 0,12ct G\/VVS"},"content":{"rendered":"","protected":false},"excerpt":{"rendered":"<p><span style=\"vertical-align: inherit;\"><span style=\"vertical-align: inherit;\"><span style=\"vertical-align: inherit;\"><span style=\"vertical-align: inherit;\"><span style=\"vertical-align: inherit;\"><span style=\"vertical-align: inherit;\"><span style=\"vertical-align: inherit;\"><span style=\"vertical-align: inherit;\"><span style=\"vertical-align: inherit;\"><span style=\"vertical-align: inherit;\"><span style=\"vertical-align: inherit;\"><span style=\"vertical-align: inherit;\"><span style=\"vertical-align: inherit;\"><span style=\"vertical-align: inherit;\"><span style=\"vertical-align: inherit;\"><span style=\"vertical-align: inherit;\"><span style=\"vertical-align: inherit;\"><span style=\"vertical-align: inherit;\"><span style=\"vertical-align: inherit;\"><span style=\"vertical-align: inherit;\"><span style=\"vertical-align: inherit;\"><span style=\"vertical-align: inherit;\"><span style=\"vertical-align: inherit;\"><span style=\"font-weight: 400;\">Akmens<\/span>: dab\u012bgs briljants<br \/>\n<span style=\"font-weight: 400;\">Forma<\/span>: apa\u013ca<br \/>\n<span style=\"font-weight: 400;\">Svars<\/span>: 2 x 0.12 ct<br \/>\n<span style=\"font-weight: 400;\">Kr\u0101sa<\/span>: G (RW)<br \/>\n<span style=\"font-weight: 400;\">T\u012br\u012bbas pak\u0101pe<\/span>: VVS<br \/>\n<span style=\"font-weight: 400;\">Sertifik\u0101ts<\/span>: Latvijas Slavas z\u0101le<\/span><\/span><\/span><\/span><\/span><\/span><\/span><\/span><\/span><\/span><\/span><\/span><\/span><\/span><\/span><\/span><\/span><\/span><\/span><\/span><\/span><\/span><\/span><\/p>\n","protected":false},"featured_media":7927,"template":"","meta":[],"product_cat":[315,318],"product_tag":[],"_links":{"self":[{"href":"https:\/\/luckydiamonds.lt\/lv\/wp-json\/wp\/v2\/product\/9618"}],"collection":[{"href":"https:\/\/luckydiamonds.lt\/lv\/wp-json\/wp\/v2\/product"}],"about":[{"href":"https:\/\/luckydiamonds.lt\/lv\/wp-json\/wp\/v2\/types\/product"}],"version-history":[{"count":1,"href":"https:\/\/luckydiamonds.lt\/lv\/wp-json\/wp\/v2\/product\/9618\/revisions"}],"predecessor-version":[{"id":9621,"href":"https:\/\/luckydiamonds.lt\/lv\/wp-json\/wp\/v2\/product\/9618\/revisions\/9621"}],"wp:featuredmedia":[{"embeddable":true,"href":"https:\/\/luckydiamonds.lt\/lv\/wp-json\/wp\/v2\/media\/7927"}],"wp:attachment":[{"href":"https:\/\/luckydiamonds.lt\/lv\/wp-json\/wp\/v2\/media?parent=9618"}],"wp:term":[{"taxonomy":"product_cat","embeddable":true,"href":"https:\/\/luckydiamonds.lt\/lv\/wp-json\/wp\/v2\/product_cat?post=9618"},{"taxonomy":"product_tag","embeddable":true,"href":"https:\/\/luckydiamonds.lt\/lv\/wp-json\/wp\/v2\/product_tag?post=9618"}],"curies":[{"name":"wp","href":"https:\/\/api.w.org\/{rel}","templated":true}]}}