{"id":9676,"date":"2021-11-26T12:30:47","date_gmt":"2021-11-26T10:30:47","guid":{"rendered":"https:\/\/luckydiamonds.lt\/?post_type=product&#038;p=9676"},"modified":"2025-01-28T12:40:09","modified_gmt":"2025-01-28T10:40:09","slug":"balts-zelts-kulons-krucifikss-ar-briljantu-su-kedi","status":"publish","type":"product","link":"https:\/\/luckydiamonds.lt\/lv\/produktas\/balts-zelts-kulons-krucifikss-ar-briljantu-su-kedi\/","title":{"rendered":"1,0 ct Balt\u0101 zelta kulonu krusts ar briljantiem"},"content":{"rendered":"","protected":false},"excerpt":{"rendered":"<p>D\u0101rgakmens kr\u0101sa: RW-W<br \/>\nD\u0101rgakmens: Dimanta<br \/>\nzelts Kr\u0101sa: Balts Zelts<br \/>\nMateri\u0101ls: Zelta<br \/>\nd\u0101rgakmens T\u012br\u012bba: VS- SI<br \/>\nKar\u0101ti: 1.0 ct<br \/>\nSvars: 1.49 g<\/p>\n","protected":false},"featured_media":7902,"template":"","meta":[],"product_cat":[387],"product_tag":[],"_links":{"self":[{"href":"https:\/\/luckydiamonds.lt\/lv\/wp-json\/wp\/v2\/product\/9676"}],"collection":[{"href":"https:\/\/luckydiamonds.lt\/lv\/wp-json\/wp\/v2\/product"}],"about":[{"href":"https:\/\/luckydiamonds.lt\/lv\/wp-json\/wp\/v2\/types\/product"}],"version-history":[{"count":1,"href":"https:\/\/luckydiamonds.lt\/lv\/wp-json\/wp\/v2\/product\/9676\/revisions"}],"predecessor-version":[{"id":9681,"href":"https:\/\/luckydiamonds.lt\/lv\/wp-json\/wp\/v2\/product\/9676\/revisions\/9681"}],"wp:featuredmedia":[{"embeddable":true,"href":"https:\/\/luckydiamonds.lt\/lv\/wp-json\/wp\/v2\/media\/7902"}],"wp:attachment":[{"href":"https:\/\/luckydiamonds.lt\/lv\/wp-json\/wp\/v2\/media?parent=9676"}],"wp:term":[{"taxonomy":"product_cat","embeddable":true,"href":"https:\/\/luckydiamonds.lt\/lv\/wp-json\/wp\/v2\/product_cat?post=9676"},{"taxonomy":"product_tag","embeddable":true,"href":"https:\/\/luckydiamonds.lt\/lv\/wp-json\/wp\/v2\/product_tag?post=9676"}],"curies":[{"name":"wp","href":"https:\/\/api.w.org\/{rel}","templated":true}]}}