{"id":9778,"date":"2021-11-26T10:04:10","date_gmt":"2021-11-26T08:04:10","guid":{"rendered":"https:\/\/luckydiamonds.lt\/produktas\/briljants-0-257ct-rw-si\/"},"modified":"2025-01-28T12:40:57","modified_gmt":"2025-01-28T10:40:57","slug":"briljants-0-257ct-rw-si","status":"publish","type":"product","link":"https:\/\/luckydiamonds.lt\/lv\/produktas\/briljants-0-257ct-rw-si\/","title":{"rendered":"Briljants 0.257ct RW \/ SI"},"content":{"rendered":"","protected":false},"excerpt":{"rendered":"<p>Akmens: dab\u012bgs briljants<br \/>\nForma: apa\u013ca<br \/>\nSvars: 0.257ct<br \/>\nKr\u0101sa: RW<br \/>\nT\u012br\u012bbas pak\u0101pe: SI<br \/>\nSertifik\u0101ts: Latvijas Slavas z\u0101le<\/p>\n","protected":false},"featured_media":7836,"template":"","meta":[],"product_cat":[315,318],"product_tag":[],"_links":{"self":[{"href":"https:\/\/luckydiamonds.lt\/lv\/wp-json\/wp\/v2\/product\/9778"}],"collection":[{"href":"https:\/\/luckydiamonds.lt\/lv\/wp-json\/wp\/v2\/product"}],"about":[{"href":"https:\/\/luckydiamonds.lt\/lv\/wp-json\/wp\/v2\/types\/product"}],"version-history":[{"count":1,"href":"https:\/\/luckydiamonds.lt\/lv\/wp-json\/wp\/v2\/product\/9778\/revisions"}],"predecessor-version":[{"id":9780,"href":"https:\/\/luckydiamonds.lt\/lv\/wp-json\/wp\/v2\/product\/9778\/revisions\/9780"}],"wp:featuredmedia":[{"embeddable":true,"href":"https:\/\/luckydiamonds.lt\/lv\/wp-json\/wp\/v2\/media\/7836"}],"wp:attachment":[{"href":"https:\/\/luckydiamonds.lt\/lv\/wp-json\/wp\/v2\/media?parent=9778"}],"wp:term":[{"taxonomy":"product_cat","embeddable":true,"href":"https:\/\/luckydiamonds.lt\/lv\/wp-json\/wp\/v2\/product_cat?post=9778"},{"taxonomy":"product_tag","embeddable":true,"href":"https:\/\/luckydiamonds.lt\/lv\/wp-json\/wp\/v2\/product_tag?post=9778"}],"curies":[{"name":"wp","href":"https:\/\/api.w.org\/{rel}","templated":true}]}}