{"id":9798,"date":"2021-11-26T10:05:51","date_gmt":"2021-11-26T08:05:51","guid":{"rendered":"https:\/\/luckydiamonds.lt\/produktas\/briljants-0-27ct-k-vs2\/"},"modified":"2025-01-28T12:40:59","modified_gmt":"2025-01-28T10:40:59","slug":"briljants-0-27ct-k-vs2","status":"publish","type":"product","link":"https:\/\/luckydiamonds.lt\/lv\/produktas\/briljants-0-27ct-k-vs2\/","title":{"rendered":"Briljants 0.27ct K\/VS2"},"content":{"rendered":"","protected":false},"excerpt":{"rendered":"<p>Akmens: dab\u012bgs Briljanta<br \/>\nforma: apa\u013ca<br \/>\nSvars: 0.27ct<br \/>\nKr\u0101sa: K (TON\u0112TA)<br \/>\nT\u012br\u012bbas pak\u0101pe: VS2<br \/>\nSertifik\u0101ts: LPR<\/p>\n","protected":false},"featured_media":7836,"template":"","meta":[],"product_cat":[315,318],"product_tag":[],"_links":{"self":[{"href":"https:\/\/luckydiamonds.lt\/lv\/wp-json\/wp\/v2\/product\/9798"}],"collection":[{"href":"https:\/\/luckydiamonds.lt\/lv\/wp-json\/wp\/v2\/product"}],"about":[{"href":"https:\/\/luckydiamonds.lt\/lv\/wp-json\/wp\/v2\/types\/product"}],"version-history":[{"count":1,"href":"https:\/\/luckydiamonds.lt\/lv\/wp-json\/wp\/v2\/product\/9798\/revisions"}],"predecessor-version":[{"id":9801,"href":"https:\/\/luckydiamonds.lt\/lv\/wp-json\/wp\/v2\/product\/9798\/revisions\/9801"}],"wp:featuredmedia":[{"embeddable":true,"href":"https:\/\/luckydiamonds.lt\/lv\/wp-json\/wp\/v2\/media\/7836"}],"wp:attachment":[{"href":"https:\/\/luckydiamonds.lt\/lv\/wp-json\/wp\/v2\/media?parent=9798"}],"wp:term":[{"taxonomy":"product_cat","embeddable":true,"href":"https:\/\/luckydiamonds.lt\/lv\/wp-json\/wp\/v2\/product_cat?post=9798"},{"taxonomy":"product_tag","embeddable":true,"href":"https:\/\/luckydiamonds.lt\/lv\/wp-json\/wp\/v2\/product_tag?post=9798"}],"curies":[{"name":"wp","href":"https:\/\/api.w.org\/{rel}","templated":true}]}}