{"id":9803,"date":"2021-11-26T09:49:12","date_gmt":"2021-11-26T07:49:12","guid":{"rendered":"https:\/\/luckydiamonds.lt\/produktas\/briljantu-paris-0-174ct-k-vvs\/"},"modified":"2025-01-28T12:41:00","modified_gmt":"2025-01-28T10:41:00","slug":"briljantu-paris-0-174ct-k-vvs","status":"publish","type":"product","link":"https:\/\/luckydiamonds.lt\/lv\/produktas\/briljantu-paris-0-174ct-k-vvs\/","title":{"rendered":"Briljantu p\u0101ris 0.174ct K\/VVS"},"content":{"rendered":"","protected":false},"excerpt":{"rendered":"<p>Akmens: dab\u012bgs briljants<br \/>\nForma: apa\u013ca<br \/>\nSvars: 0.174 ct<br \/>\nKr\u0101sa: K (TON\u0112TA)<br \/>\nT\u012br\u012bbas pak\u0101pe: VVS<br \/>\nSertifik\u0101ts: LPR<\/p>\n","protected":false},"featured_media":7927,"template":"","meta":[],"product_cat":[315,318],"product_tag":[],"_links":{"self":[{"href":"https:\/\/luckydiamonds.lt\/lv\/wp-json\/wp\/v2\/product\/9803"}],"collection":[{"href":"https:\/\/luckydiamonds.lt\/lv\/wp-json\/wp\/v2\/product"}],"about":[{"href":"https:\/\/luckydiamonds.lt\/lv\/wp-json\/wp\/v2\/types\/product"}],"version-history":[{"count":1,"href":"https:\/\/luckydiamonds.lt\/lv\/wp-json\/wp\/v2\/product\/9803\/revisions"}],"predecessor-version":[{"id":9804,"href":"https:\/\/luckydiamonds.lt\/lv\/wp-json\/wp\/v2\/product\/9803\/revisions\/9804"}],"wp:featuredmedia":[{"embeddable":true,"href":"https:\/\/luckydiamonds.lt\/lv\/wp-json\/wp\/v2\/media\/7927"}],"wp:attachment":[{"href":"https:\/\/luckydiamonds.lt\/lv\/wp-json\/wp\/v2\/media?parent=9803"}],"wp:term":[{"taxonomy":"product_cat","embeddable":true,"href":"https:\/\/luckydiamonds.lt\/lv\/wp-json\/wp\/v2\/product_cat?post=9803"},{"taxonomy":"product_tag","embeddable":true,"href":"https:\/\/luckydiamonds.lt\/lv\/wp-json\/wp\/v2\/product_tag?post=9803"}],"curies":[{"name":"wp","href":"https:\/\/api.w.org\/{rel}","templated":true}]}}