{"id":9840,"date":"2021-11-26T09:25:23","date_gmt":"2021-11-26T07:25:23","guid":{"rendered":"https:\/\/luckydiamonds.lt\/produktas\/briljants-0-107ct-g-vs1\/"},"modified":"2025-01-28T12:41:38","modified_gmt":"2025-01-28T10:41:38","slug":"briljants-0-107ct-rw-vs1","status":"publish","type":"product","link":"https:\/\/luckydiamonds.lt\/lv\/produktas\/briljants-0-107ct-rw-vs1\/","title":{"rendered":"Briljants 0.107ct G \/ VS1"},"content":{"rendered":"","protected":false},"excerpt":{"rendered":"<p>Akmens: dab\u012bgs briljants<br \/>\nForma: apa\u013ca<br \/>\nSvars: 0.107 ct<br \/>\nKr\u0101sa: G (RW)<br \/>\nT\u012br\u012bbas pak\u0101pe: VS1<br \/>\nSertifik\u0101ts: Latvijas Slavas z\u0101le<\/p>\n","protected":false},"featured_media":7836,"template":"","meta":[],"product_cat":[315,318],"product_tag":[],"_links":{"self":[{"href":"https:\/\/luckydiamonds.lt\/lv\/wp-json\/wp\/v2\/product\/9840"}],"collection":[{"href":"https:\/\/luckydiamonds.lt\/lv\/wp-json\/wp\/v2\/product"}],"about":[{"href":"https:\/\/luckydiamonds.lt\/lv\/wp-json\/wp\/v2\/types\/product"}],"version-history":[{"count":1,"href":"https:\/\/luckydiamonds.lt\/lv\/wp-json\/wp\/v2\/product\/9840\/revisions"}],"predecessor-version":[{"id":9852,"href":"https:\/\/luckydiamonds.lt\/lv\/wp-json\/wp\/v2\/product\/9840\/revisions\/9852"}],"wp:featuredmedia":[{"embeddable":true,"href":"https:\/\/luckydiamonds.lt\/lv\/wp-json\/wp\/v2\/media\/7836"}],"wp:attachment":[{"href":"https:\/\/luckydiamonds.lt\/lv\/wp-json\/wp\/v2\/media?parent=9840"}],"wp:term":[{"taxonomy":"product_cat","embeddable":true,"href":"https:\/\/luckydiamonds.lt\/lv\/wp-json\/wp\/v2\/product_cat?post=9840"},{"taxonomy":"product_tag","embeddable":true,"href":"https:\/\/luckydiamonds.lt\/lv\/wp-json\/wp\/v2\/product_tag?post=9840"}],"curies":[{"name":"wp","href":"https:\/\/api.w.org\/{rel}","templated":true}]}}