{"id":9864,"date":"2021-11-26T09:07:25","date_gmt":"2021-11-26T07:07:25","guid":{"rendered":"https:\/\/luckydiamonds.lt\/produktas\/briljants-0-108ct-k-vvs\/"},"modified":"2025-01-28T12:41:41","modified_gmt":"2025-01-28T10:41:41","slug":"briljanta-0-108ct-toneta-vvs","status":"publish","type":"product","link":"https:\/\/luckydiamonds.lt\/lv\/produktas\/briljanta-0-108ct-toneta-vvs\/","title":{"rendered":"Briljants 0.108ct K\/VVS"},"content":{"rendered":"","protected":false},"excerpt":{"rendered":"<p>Akmens: dab\u012bgs Briljanta<br \/>\nforma: apa\u013c\u0161<br \/>\nSvars: 0.108 ct<br \/>\nKr\u0101sa: K (TON\u0112TA)<br \/>\nT\u012br\u012bbas pak\u0101pe: VVS<br \/>\nSertifik\u0101ts: LPR<\/p>\n","protected":false},"featured_media":7836,"template":"","meta":[],"product_cat":[315,318],"product_tag":[],"_links":{"self":[{"href":"https:\/\/luckydiamonds.lt\/lv\/wp-json\/wp\/v2\/product\/9864"}],"collection":[{"href":"https:\/\/luckydiamonds.lt\/lv\/wp-json\/wp\/v2\/product"}],"about":[{"href":"https:\/\/luckydiamonds.lt\/lv\/wp-json\/wp\/v2\/types\/product"}],"version-history":[{"count":1,"href":"https:\/\/luckydiamonds.lt\/lv\/wp-json\/wp\/v2\/product\/9864\/revisions"}],"predecessor-version":[{"id":9866,"href":"https:\/\/luckydiamonds.lt\/lv\/wp-json\/wp\/v2\/product\/9864\/revisions\/9866"}],"wp:featuredmedia":[{"embeddable":true,"href":"https:\/\/luckydiamonds.lt\/lv\/wp-json\/wp\/v2\/media\/7836"}],"wp:attachment":[{"href":"https:\/\/luckydiamonds.lt\/lv\/wp-json\/wp\/v2\/media?parent=9864"}],"wp:term":[{"taxonomy":"product_cat","embeddable":true,"href":"https:\/\/luckydiamonds.lt\/lv\/wp-json\/wp\/v2\/product_cat?post=9864"},{"taxonomy":"product_tag","embeddable":true,"href":"https:\/\/luckydiamonds.lt\/lv\/wp-json\/wp\/v2\/product_tag?post=9864"}],"curies":[{"name":"wp","href":"https:\/\/api.w.org\/{rel}","templated":true}]}}