{"id":9881,"date":"2021-11-26T08:44:49","date_gmt":"2021-11-26T06:44:49","guid":{"rendered":"https:\/\/luckydiamonds.lt\/produktas\/briljants-0-08ct-rw-si2\/"},"modified":"2025-02-06T11:10:35","modified_gmt":"2025-02-06T09:10:35","slug":"briljants-0-08ct-rw-si2","status":"publish","type":"product","link":"https:\/\/luckydiamonds.lt\/lv\/produktas\/briljants-0-08ct-rw-si2\/","title":{"rendered":"Briljants 0.08ct RW\/SI2"},"content":{"rendered":"","protected":false},"excerpt":{"rendered":"<p>Akmens: dab\u012bgs briljants<br \/>\nForma: apa\u013ca<br \/>\nSvars: 0.08 ct<br \/>\nKr\u0101sa: RW<br \/>\nT\u012br\u012bbas pak\u0101pe: SI2<br \/>\nSertifik\u0101ts: Lietuvas Slavas z\u0101le<\/p>\n","protected":false},"featured_media":7836,"template":"","meta":[],"product_cat":[315,318],"product_tag":[],"_links":{"self":[{"href":"https:\/\/luckydiamonds.lt\/lv\/wp-json\/wp\/v2\/product\/9881"}],"collection":[{"href":"https:\/\/luckydiamonds.lt\/lv\/wp-json\/wp\/v2\/product"}],"about":[{"href":"https:\/\/luckydiamonds.lt\/lv\/wp-json\/wp\/v2\/types\/product"}],"version-history":[{"count":1,"href":"https:\/\/luckydiamonds.lt\/lv\/wp-json\/wp\/v2\/product\/9881\/revisions"}],"predecessor-version":[{"id":9888,"href":"https:\/\/luckydiamonds.lt\/lv\/wp-json\/wp\/v2\/product\/9881\/revisions\/9888"}],"wp:featuredmedia":[{"embeddable":true,"href":"https:\/\/luckydiamonds.lt\/lv\/wp-json\/wp\/v2\/media\/7836"}],"wp:attachment":[{"href":"https:\/\/luckydiamonds.lt\/lv\/wp-json\/wp\/v2\/media?parent=9881"}],"wp:term":[{"taxonomy":"product_cat","embeddable":true,"href":"https:\/\/luckydiamonds.lt\/lv\/wp-json\/wp\/v2\/product_cat?post=9881"},{"taxonomy":"product_tag","embeddable":true,"href":"https:\/\/luckydiamonds.lt\/lv\/wp-json\/wp\/v2\/product_tag?post=9881"}],"curies":[{"name":"wp","href":"https:\/\/api.w.org\/{rel}","templated":true}]}}