{"id":9889,"date":"2021-11-23T09:33:57","date_gmt":"2021-11-23T07:33:57","guid":{"rendered":"https:\/\/luckydiamonds.lt\/produktas\/inv-izcils-4-08ct-d-vvs2-ex-vg\/"},"modified":"2025-02-09T22:54:22","modified_gmt":"2025-02-09T20:54:22","slug":"investicijas-izcili-408-ct","status":"publish","type":"product","link":"https:\/\/luckydiamonds.lt\/lv\/produktas\/investicijas-izcili-408-ct\/","title":{"rendered":"Inv. Briljants 4.08ct D\/VVS2\/EX-VG"},"content":{"rendered":"<p><strong>Invest\u012bciju briljanti <\/strong>\u2013 tie ir izcilu parametru (augst\u0101k\u0101s t\u012br\u012bbas, baltas kr\u0101sas, perfektas sl\u012bp\u0113\u0161anas) d\u0101rgakme\u0146i, kas piem\u0113roti j\u016bsu invest\u012bciju portfe\u013ca papildin\u0101\u0161anai. No visiem gad\u0101 ieg\u016btajiem dimantiem 80% non\u0101k r\u016bpniec\u012bb\u0101, 20% \u2013 juvelierizstr\u0101d\u0101jumos, un tikai aptuveni 5\u201310% no tiem tiek uzskat\u012bti par invest\u012bciju dimantiem.<br \/>Briljanti vienm\u0113r saglab\u0101s savu v\u0113rt\u012bbas pieaugumu, jo tie ir neizsme\u013cams dabas resurss \u2013 dimantu rezerves sar\u016bk, bet piepras\u012bjums pieaug. Tie ir ilglaic\u012bgi un var tikt nodoti no paaudzes paaudz\u0113. Sal\u012bdzinot ar citiem antikv\u0101riem izstr\u0101d\u0101jumiem, briljantiem nav nepiecie\u0161ami \u012bpa\u0161i uzglab\u0101\u0161anas apst\u0101k\u013ci vai papildu vieta. Tie ir viegli transport\u0113jami un neaiz\u0146em daudz vietas.<br \/>Briljanti ne tikai da\u017e\u0101do j\u016bsu invest\u012bciju portfeli, bet ar\u012b rada emocion\u0101lu v\u0113rt\u012bbu.      <\/p>\n","protected":false},"excerpt":{"rendered":"<p>Akmens: dab\u012bgs briljants<br \/>\nForma: spilveni (spilvens)<br \/>\nSvars: 4.08 ct<br \/>\nKr\u0101sa: D<br \/>\nT\u012br\u012bbas pak\u0101pe: VVS2<br \/>\nPul\u0113\u0161ana: Ex<br \/>\nSimetrija: \u013boti labi<br \/>\nSertifik\u0101ts: GIA<\/p>\n","protected":false},"featured_media":8018,"template":"","meta":[],"product_cat":[298],"product_tag":[],"_links":{"self":[{"href":"https:\/\/luckydiamonds.lt\/lv\/wp-json\/wp\/v2\/product\/9889"}],"collection":[{"href":"https:\/\/luckydiamonds.lt\/lv\/wp-json\/wp\/v2\/product"}],"about":[{"href":"https:\/\/luckydiamonds.lt\/lv\/wp-json\/wp\/v2\/types\/product"}],"version-history":[{"count":2,"href":"https:\/\/luckydiamonds.lt\/lv\/wp-json\/wp\/v2\/product\/9889\/revisions"}],"predecessor-version":[{"id":10528,"href":"https:\/\/luckydiamonds.lt\/lv\/wp-json\/wp\/v2\/product\/9889\/revisions\/10528"}],"wp:featuredmedia":[{"embeddable":true,"href":"https:\/\/luckydiamonds.lt\/lv\/wp-json\/wp\/v2\/media\/8018"}],"wp:attachment":[{"href":"https:\/\/luckydiamonds.lt\/lv\/wp-json\/wp\/v2\/media?parent=9889"}],"wp:term":[{"taxonomy":"product_cat","embeddable":true,"href":"https:\/\/luckydiamonds.lt\/lv\/wp-json\/wp\/v2\/product_cat?post=9889"},{"taxonomy":"product_tag","embeddable":true,"href":"https:\/\/luckydiamonds.lt\/lv\/wp-json\/wp\/v2\/product_tag?post=9889"}],"curies":[{"name":"wp","href":"https:\/\/api.w.org\/{rel}","templated":true}]}}