{"id":9891,"date":"2021-11-26T08:56:00","date_gmt":"2021-11-26T06:56:00","guid":{"rendered":"https:\/\/luckydiamonds.lt\/produktas\/briljantu-paris-0-10ct-f-vs\/"},"modified":"2025-01-28T12:41:46","modified_gmt":"2025-01-28T10:41:46","slug":"briljantu-paris-0-10ct-f-vs","status":"publish","type":"product","link":"https:\/\/luckydiamonds.lt\/lv\/produktas\/briljantu-paris-0-10ct-f-vs\/","title":{"rendered":"Briljantu p\u0101ris 0.10ct F\/VS"},"content":{"rendered":"","protected":false},"excerpt":{"rendered":"<p>Akmens: dab\u012bgs briljants<br \/>\nForma: apa\u013ca<br \/>\nSvars: 2 x 0.10 ct<br \/>\nKr\u0101sa: F (RW+)<br \/>\nT\u012br\u012bbas pak\u0101pe: VS<br \/>\nSertifik\u0101ts: LPR<\/p>\n","protected":false},"featured_media":7927,"template":"","meta":[],"product_cat":[315,318],"product_tag":[],"_links":{"self":[{"href":"https:\/\/luckydiamonds.lt\/lv\/wp-json\/wp\/v2\/product\/9891"}],"collection":[{"href":"https:\/\/luckydiamonds.lt\/lv\/wp-json\/wp\/v2\/product"}],"about":[{"href":"https:\/\/luckydiamonds.lt\/lv\/wp-json\/wp\/v2\/types\/product"}],"version-history":[{"count":1,"href":"https:\/\/luckydiamonds.lt\/lv\/wp-json\/wp\/v2\/product\/9891\/revisions"}],"predecessor-version":[{"id":9898,"href":"https:\/\/luckydiamonds.lt\/lv\/wp-json\/wp\/v2\/product\/9891\/revisions\/9898"}],"wp:featuredmedia":[{"embeddable":true,"href":"https:\/\/luckydiamonds.lt\/lv\/wp-json\/wp\/v2\/media\/7927"}],"wp:attachment":[{"href":"https:\/\/luckydiamonds.lt\/lv\/wp-json\/wp\/v2\/media?parent=9891"}],"wp:term":[{"taxonomy":"product_cat","embeddable":true,"href":"https:\/\/luckydiamonds.lt\/lv\/wp-json\/wp\/v2\/product_cat?post=9891"},{"taxonomy":"product_tag","embeddable":true,"href":"https:\/\/luckydiamonds.lt\/lv\/wp-json\/wp\/v2\/product_tag?post=9891"}],"curies":[{"name":"wp","href":"https:\/\/api.w.org\/{rel}","templated":true}]}}