{"id":9892,"date":"2021-11-26T09:21:04","date_gmt":"2021-11-26T07:21:04","guid":{"rendered":"https:\/\/luckydiamonds.lt\/produktas\/briljants-0-10ct-j-vs\/"},"modified":"2025-02-06T11:10:35","modified_gmt":"2025-02-06T09:10:35","slug":"briljants-0-10ct-j-vs","status":"publish","type":"product","link":"https:\/\/luckydiamonds.lt\/lv\/produktas\/briljants-0-10ct-j-vs\/","title":{"rendered":"Briljants 0.10ct J \/ VS"},"content":{"rendered":"","protected":false},"excerpt":{"rendered":"<p>Akmens: dab\u012bgs briljants<br \/>\nForma: apa\u013ca<br \/>\nSvars: 0.10 ct<br \/>\nKr\u0101sa: J (ton\u0113ta)<br \/>\nT\u012br\u012bbas pak\u0101pe: VS<br \/>\nSertifik\u0101ts: Latvijas Slavas z\u0101le<\/p>\n","protected":false},"featured_media":7836,"template":"","meta":[],"product_cat":[315,318],"product_tag":[],"_links":{"self":[{"href":"https:\/\/luckydiamonds.lt\/lv\/wp-json\/wp\/v2\/product\/9892"}],"collection":[{"href":"https:\/\/luckydiamonds.lt\/lv\/wp-json\/wp\/v2\/product"}],"about":[{"href":"https:\/\/luckydiamonds.lt\/lv\/wp-json\/wp\/v2\/types\/product"}],"version-history":[{"count":1,"href":"https:\/\/luckydiamonds.lt\/lv\/wp-json\/wp\/v2\/product\/9892\/revisions"}],"predecessor-version":[{"id":9897,"href":"https:\/\/luckydiamonds.lt\/lv\/wp-json\/wp\/v2\/product\/9892\/revisions\/9897"}],"wp:featuredmedia":[{"embeddable":true,"href":"https:\/\/luckydiamonds.lt\/lv\/wp-json\/wp\/v2\/media\/7836"}],"wp:attachment":[{"href":"https:\/\/luckydiamonds.lt\/lv\/wp-json\/wp\/v2\/media?parent=9892"}],"wp:term":[{"taxonomy":"product_cat","embeddable":true,"href":"https:\/\/luckydiamonds.lt\/lv\/wp-json\/wp\/v2\/product_cat?post=9892"},{"taxonomy":"product_tag","embeddable":true,"href":"https:\/\/luckydiamonds.lt\/lv\/wp-json\/wp\/v2\/product_tag?post=9892"}],"curies":[{"name":"wp","href":"https:\/\/api.w.org\/{rel}","templated":true}]}}