{"id":9901,"date":"2021-11-26T09:09:12","date_gmt":"2021-11-26T07:09:12","guid":{"rendered":"https:\/\/luckydiamonds.lt\/produktas\/briljants-0-11ct-k-vs\/"},"modified":"2025-01-28T12:41:46","modified_gmt":"2025-01-28T10:41:46","slug":"briljants-0-11ct-k-vs","status":"publish","type":"product","link":"https:\/\/luckydiamonds.lt\/lv\/produktas\/briljants-0-11ct-k-vs\/","title":{"rendered":"Briljants 0.11ct K\/VS"},"content":{"rendered":"","protected":false},"excerpt":{"rendered":"<p>Akmens: Dab\u012bgs Briljanta<br \/>\nforma: Apa\u013c\u0161<br \/>\nSvars: 0.11 ct<br \/>\nKr\u0101sa: K (TON\u0112TA)<br \/>\nT\u012br\u012bbas pak\u0101pe: VS<br \/>\nSertifik\u0101ts: LPR<\/p>\n","protected":false},"featured_media":7836,"template":"","meta":[],"product_cat":[315,318],"product_tag":[],"_links":{"self":[{"href":"https:\/\/luckydiamonds.lt\/lv\/wp-json\/wp\/v2\/product\/9901"}],"collection":[{"href":"https:\/\/luckydiamonds.lt\/lv\/wp-json\/wp\/v2\/product"}],"about":[{"href":"https:\/\/luckydiamonds.lt\/lv\/wp-json\/wp\/v2\/types\/product"}],"version-history":[{"count":1,"href":"https:\/\/luckydiamonds.lt\/lv\/wp-json\/wp\/v2\/product\/9901\/revisions"}],"predecessor-version":[{"id":9902,"href":"https:\/\/luckydiamonds.lt\/lv\/wp-json\/wp\/v2\/product\/9901\/revisions\/9902"}],"wp:featuredmedia":[{"embeddable":true,"href":"https:\/\/luckydiamonds.lt\/lv\/wp-json\/wp\/v2\/media\/7836"}],"wp:attachment":[{"href":"https:\/\/luckydiamonds.lt\/lv\/wp-json\/wp\/v2\/media?parent=9901"}],"wp:term":[{"taxonomy":"product_cat","embeddable":true,"href":"https:\/\/luckydiamonds.lt\/lv\/wp-json\/wp\/v2\/product_cat?post=9901"},{"taxonomy":"product_tag","embeddable":true,"href":"https:\/\/luckydiamonds.lt\/lv\/wp-json\/wp\/v2\/product_tag?post=9901"}],"curies":[{"name":"wp","href":"https:\/\/api.w.org\/{rel}","templated":true}]}}