{"id":9903,"date":"2021-11-26T09:03:43","date_gmt":"2021-11-26T07:03:43","guid":{"rendered":"https:\/\/luckydiamonds.lt\/produktas\/briljantu-paris-0-10ct-f-si\/"},"modified":"2025-01-28T12:41:48","modified_gmt":"2025-01-28T10:41:48","slug":"briljantu-paris-0-10ct-f-si","status":"publish","type":"product","link":"https:\/\/luckydiamonds.lt\/lv\/produktas\/briljantu-paris-0-10ct-f-si\/","title":{"rendered":"Briljantu p\u0101ris 0.10ct F\/SI"},"content":{"rendered":"","protected":false},"excerpt":{"rendered":"<p>Akmens: dab\u012bgs briljants<br \/>\nForma: apa\u013ca<br \/>\nSvars: 2 x 0.10 ct<br \/>\nKr\u0101sa: F (RW+)<br \/>\nT\u012br\u012bbas pak\u0101pe: SI<br \/>\nSertifik\u0101ts: LPR<\/p>\n","protected":false},"featured_media":7927,"template":"","meta":[],"product_cat":[315,318],"product_tag":[],"_links":{"self":[{"href":"https:\/\/luckydiamonds.lt\/lv\/wp-json\/wp\/v2\/product\/9903"}],"collection":[{"href":"https:\/\/luckydiamonds.lt\/lv\/wp-json\/wp\/v2\/product"}],"about":[{"href":"https:\/\/luckydiamonds.lt\/lv\/wp-json\/wp\/v2\/types\/product"}],"version-history":[{"count":1,"href":"https:\/\/luckydiamonds.lt\/lv\/wp-json\/wp\/v2\/product\/9903\/revisions"}],"predecessor-version":[{"id":9906,"href":"https:\/\/luckydiamonds.lt\/lv\/wp-json\/wp\/v2\/product\/9903\/revisions\/9906"}],"wp:featuredmedia":[{"embeddable":true,"href":"https:\/\/luckydiamonds.lt\/lv\/wp-json\/wp\/v2\/media\/7927"}],"wp:attachment":[{"href":"https:\/\/luckydiamonds.lt\/lv\/wp-json\/wp\/v2\/media?parent=9903"}],"wp:term":[{"taxonomy":"product_cat","embeddable":true,"href":"https:\/\/luckydiamonds.lt\/lv\/wp-json\/wp\/v2\/product_cat?post=9903"},{"taxonomy":"product_tag","embeddable":true,"href":"https:\/\/luckydiamonds.lt\/lv\/wp-json\/wp\/v2\/product_tag?post=9903"}],"curies":[{"name":"wp","href":"https:\/\/api.w.org\/{rel}","templated":true}]}}