{"id":9908,"date":"2021-11-26T09:11:29","date_gmt":"2021-11-26T07:11:29","guid":{"rendered":"https:\/\/luckydiamonds.lt\/produktas\/briljants-0-118ct-stw-vvs2\/"},"modified":"2025-01-28T12:41:49","modified_gmt":"2025-01-28T10:41:49","slug":"briljants-0-118ct-stw-vvs2","status":"publish","type":"product","link":"https:\/\/luckydiamonds.lt\/lv\/produktas\/briljants-0-118ct-stw-vvs2\/","title":{"rendered":"Briljants 0.118ct STW\/VVS2"},"content":{"rendered":"","protected":false},"excerpt":{"rendered":"<p>Akmens: Dab\u012bgs Briljanta<br \/>\nforma: apa\u013c\u0161<br \/>\nSvars: 0.118 ct<br \/>\nKr\u0101sa: STW<br \/>\nT\u012br\u012bbas pak\u0101pe: VVS2<br \/>\nSertifik\u0101ts: LPR<\/p>\n","protected":false},"featured_media":7836,"template":"","meta":[],"product_cat":[315,318],"product_tag":[],"_links":{"self":[{"href":"https:\/\/luckydiamonds.lt\/lv\/wp-json\/wp\/v2\/product\/9908"}],"collection":[{"href":"https:\/\/luckydiamonds.lt\/lv\/wp-json\/wp\/v2\/product"}],"about":[{"href":"https:\/\/luckydiamonds.lt\/lv\/wp-json\/wp\/v2\/types\/product"}],"version-history":[{"count":1,"href":"https:\/\/luckydiamonds.lt\/lv\/wp-json\/wp\/v2\/product\/9908\/revisions"}],"predecessor-version":[{"id":9911,"href":"https:\/\/luckydiamonds.lt\/lv\/wp-json\/wp\/v2\/product\/9908\/revisions\/9911"}],"wp:featuredmedia":[{"embeddable":true,"href":"https:\/\/luckydiamonds.lt\/lv\/wp-json\/wp\/v2\/media\/7836"}],"wp:attachment":[{"href":"https:\/\/luckydiamonds.lt\/lv\/wp-json\/wp\/v2\/media?parent=9908"}],"wp:term":[{"taxonomy":"product_cat","embeddable":true,"href":"https:\/\/luckydiamonds.lt\/lv\/wp-json\/wp\/v2\/product_cat?post=9908"},{"taxonomy":"product_tag","embeddable":true,"href":"https:\/\/luckydiamonds.lt\/lv\/wp-json\/wp\/v2\/product_tag?post=9908"}],"curies":[{"name":"wp","href":"https:\/\/api.w.org\/{rel}","templated":true}]}}