{"id":10178,"date":"2021-09-15T14:03:53","date_gmt":"2021-09-15T12:03:53","guid":{"rendered":"https:\/\/luckydiamonds.lt\/%d0%be-%d0%bd%d0%b0%d1%81\/"},"modified":"2025-02-09T13:29:31","modified_gmt":"2025-02-09T11:29:31","slug":"%d0%be-%d0%bd%d0%b0%d1%81","status":"publish","type":"page","link":"https:\/\/luckydiamonds.lt\/ru\/%d0%be-%d0%bd%d0%b0%d1%81\/","title":{"rendered":"\u041e \u043d\u0430\u0441"},"content":{"rendered":"\t\t<div data-elementor-type=\"wp-page\" data-elementor-id=\"10178\" class=\"elementor elementor-10178 elementor-1499\" data-elementor-settings=\"[]\">\n\t\t\t\t\t\t\t<div class=\"elementor-section-wrap\">\n\t\t\t\t\t\t\t<section class=\"elementor-section elementor-top-section elementor-element elementor-element-8addfe8 .fffff elementor-section-full_width elementor-section-height-default elementor-section-height-default\" data-id=\"8addfe8\" data-element_type=\"section\" data-settings=\"{&quot;background_background&quot;:&quot;classic&quot;,&quot;_ha_eqh_enable&quot;:false}\">\n\t\t\t\t\t\t<div class=\"elementor-container elementor-column-gap-default\">\n\t\t\t\t\t<div class=\"elementor-column elementor-col-100 elementor-top-column elementor-element elementor-element-dd5a002\" data-id=\"dd5a002\" data-element_type=\"column\">\n\t\t\t<div class=\"elementor-widget-wrap elementor-element-populated\">\n\t\t\t\t\t\t\t\t<div class=\"elementor-element elementor-element-4c3d538 elementor-widget elementor-widget-heading\" data-id=\"4c3d538\" data-element_type=\"widget\" data-widget_type=\"heading.default\">\n\t\t\t\t<div class=\"elementor-widget-container\">\n\t\t\t<h2 class=\"elementor-heading-title elementor-size-default\">\u041e \u043d\u0430\u0441<\/h2>\t\t<\/div>\n\t\t\t\t<\/div>\n\t\t\t\t<div class=\"elementor-element elementor-element-8ec165f elementor-widget elementor-widget-text-editor\" data-id=\"8ec165f\" data-element_type=\"widget\" data-widget_type=\"text-editor.default\">\n\t\t\t\t<div class=\"elementor-widget-container\">\n\t\t\t\t\t\t\t<p>\u041c\u044b \u043f\u0440\u043e\u0444\u0435\u0441\u0441\u0438\u043e\u043d\u0430\u043b\u044b \u0432 \u043e\u0431\u043b\u0430\u0441\u0442\u0438 \u0431\u0440\u0438\u043b\u043b\u0438\u0430\u043d\u0442\u043e\u0432 \u2013 \u043f\u0440\u0435\u0434\u0430\u043d\u043d\u044b\u0435 \u0441\u0432\u043e\u0435\u043c\u0443 \u0434\u0435\u043b\u0443 \u0438 \u0441\u0442\u0440\u0430\u0441\u0442\u0438 \u043a \u0431\u043b\u0435\u0441\u0442\u044f\u0449\u0438\u043c \u0438\u0437\u0434\u0435\u043b\u0438\u044f\u043c, \u043b\u0443\u0447\u0448\u0438\u0435 \u0441\u043f\u0435\u0446\u0438\u0430\u043b\u0438\u0441\u0442\u044b \u0432 \u0441\u0432\u043e\u0435\u0439 \u043e\u0431\u043b\u0430\u0441\u0442\u0438 \u0441 \u043c\u043d\u043e\u0433\u043e\u043b\u0435\u0442\u043d\u0438\u043c \u043e\u043f\u044b\u0442\u043e\u043c \u0440\u0430\u0431\u043e\u0442\u044b. \u041c\u044b \u0437\u043d\u0430\u0435\u043c, \u0447\u0442\u043e \u043f\u0440\u0430\u0432\u0438\u043b\u044c\u043d\u043e \u043f\u043e\u0434\u043e\u0431\u0440\u0430\u043d\u043d\u044b\u0435 \u0431\u0440\u0438\u043b\u043b\u0438\u0430\u043d\u0442\u044b \u0441\u043e\u0437\u0434\u0430\u044e\u0442, \u0434\u043e\u043f\u043e\u043b\u043d\u044f\u044e\u0442 \u0438 \u0433\u0430\u0440\u043c\u043e\u043d\u0438\u0437\u0438\u0440\u0443\u044e\u0442 \u043a\u0430\u043a \u0445\u0430\u0440\u0430\u043a\u0442\u0435\u0440, \u0442\u0430\u043a \u0438 \u044d\u043a\u0441\u0442\u0435\u0440\u044c\u0435\u0440. \u041c\u044b \u0432\u0435\u0440\u0438\u043c, \u0447\u0442\u043e \u0434\u0440\u0430\u0433\u043e\u0446\u0435\u043d\u043d\u044b\u0435 \u043a\u0430\u043c\u043d\u0438 \u0441\u0438\u043c\u0432\u043e\u043b\u0438\u0437\u0438\u0440\u0443\u044e\u0442 \u0441\u0438\u043b\u0443, \u0432\u044b\u043d\u043e\u0441\u043b\u0438\u0432\u043e\u0441\u0442\u044c, \u043a\u0440\u0430\u0441\u043e\u0442\u0443, \u0442\u043e\u043d\u043a\u043e\u0441\u0442\u044c, \u0441\u0438\u043b\u0443 \u0432\u043e\u043b\u0438 \u0438 \u043c\u043d\u043e\u0433\u043e\u0435 \u0434\u0440\u0443\u0433\u043e\u0435. \u0418\u043c\u0435\u043d\u043d\u043e \u044d\u0442\u043e \u0438 \u043f\u0440\u0438\u0432\u0435\u043b\u043e \u043d\u0430\u0441 \u0432 \u044d\u043a\u0441\u043a\u043b\u044e\u0437\u0438\u0432\u043d\u044b\u0439, \u0431\u043e\u0433\u0430\u0442\u044b\u0439 \u043c\u0438\u0440 \u0431\u0440\u0438\u043b\u043b\u0438\u0430\u043d\u0442\u043e\u0432. \u041c\u044b \u0443\u0441\u0435\u0440\u0434\u043d\u043e \u0443\u0447\u0438\u043b\u0438\u0441\u044c, \u043f\u043e\u043b\u0443\u0447\u0438\u043b\u0438 \u0446\u0435\u043d\u043d\u044b\u0439 \u043e\u043f\u044b\u0442 \u0438 \u0441\u0435\u0433\u043e\u0434\u043d\u044f \u0441 \u0440\u0430\u0434\u043e\u0441\u0442\u044c\u044e \u043c\u043e\u0436\u0435\u043c \u0441\u043a\u0430\u0437\u0430\u0442\u044c, \u0447\u0442\u043e \u0433\u043e\u0442\u043e\u0432\u044b \u0434\u0435\u043b\u0438\u0442\u044c\u0441\u044f \u0441 \u0432\u0430\u043c\u0438 \u0437\u043d\u0430\u043d\u0438\u044f\u043c\u0438 \u0438 \u043d\u0430\u0432\u044b\u043a\u0430\u043c\u0438.    <\/p>\n<p>\u0414\u0430\u0432\u0430\u0439\u0442\u0435 \u0441\u0438\u044f\u0442\u044c.<\/p>\n<p>\u0418\u0441\u043a\u0440\u0435\u043d\u043d\u0435 \u0438 \u0441 \u043b\u044e\u0431\u043e\u0432\u044c\u044e,<\/p>\n<p><span style=\"font-style: inherit; font-weight: inherit;\">\u041a\u043e\u043c\u0430\u043d\u0434\u0430 Lucky Diamonds<\/span><\/p>\n\t\t\t\t\t\t<\/div>\n\t\t\t\t<\/div>\n\t\t\t\t<div class=\"elementor-element elementor-element-09c0192 elementor-widget elementor-widget-heading\" data-id=\"09c0192\" data-element_type=\"widget\" data-widget_type=\"heading.default\">\n\t\t\t\t<div class=\"elementor-widget-container\">\n\t\t\t<h2 class=\"elementor-heading-title elementor-size-default\">\u0414\u0430\u0432\u0430\u0439\u0442\u0435 \u0441\u0432\u044f\u0436\u0435\u043c\u0441\u044f:<\/h2>\t\t<\/div>\n\t\t\t\t<\/div>\n\t\t\t\t<div class=\"elementor-element elementor-element-bc20c92 elementor-widget elementor-widget-text-editor\" data-id=\"bc20c92\" data-element_type=\"widget\" data-widget_type=\"text-editor.default\">\n\t\t\t\t<div class=\"elementor-widget-container\">\n\t\t\t\t\t\t\t<p>\u0421\u0447\u0430\u0441\u0442\u043b\u0438\u0432\u044b\u0435 \u0431\u0440\u0438\u043b\u043b\u0438\u0430\u043d\u0442\u044b<\/p>\n<p>Br\u012bv\u012bbas gatve 202, R\u012bga, LV-1039 <\/p>\n<p>\u0422: +371 26419909<\/p>\n<p>E: diamondtrust@inbox.lv<\/p>\t\t\t\t\t\t<\/div>\n\t\t\t\t<\/div>\n\t\t\t\t<div class=\"elementor-element elementor-element-7dcbd16 elementor-widget__width-auto elementor-view-default elementor-widget elementor-widget-icon\" data-id=\"7dcbd16\" data-element_type=\"widget\" data-widget_type=\"icon.default\">\n\t\t\t\t<div class=\"elementor-widget-container\">\n\t\t\t\t\t<div class=\"elementor-icon-wrapper\">\n\t\t\t<a class=\"elementor-icon\" href=\"#\">\n\t\t\t<i aria-hidden=\"true\" class=\"fab fa-facebook-f\"><\/i>\t\t\t<\/a>\n\t\t<\/div>\n\t\t\t\t<\/div>\n\t\t\t\t<\/div>\n\t\t\t\t<div class=\"elementor-element elementor-element-bba0404 elementor-widget__width-auto elementor-view-default elementor-widget elementor-widget-icon\" data-id=\"bba0404\" data-element_type=\"widget\" data-widget_type=\"icon.default\">\n\t\t\t\t<div class=\"elementor-widget-container\">\n\t\t\t\t\t<div class=\"elementor-icon-wrapper\">\n\t\t\t<a class=\"elementor-icon\" href=\"#\">\n\t\t\t<i aria-hidden=\"true\" class=\"fab fa-instagram\"><\/i>\t\t\t<\/a>\n\t\t<\/div>\n\t\t\t\t<\/div>\n\t\t\t\t<\/div>\n\t\t\t\t<div class=\"elementor-element elementor-element-3afa70c elementor-widget elementor-widget-text-editor\" data-id=\"3afa70c\" data-element_type=\"widget\" data-widget_type=\"text-editor.default\">\n\t\t\t\t<div class=\"elementor-widget-container\">\n\t\t\t\t\t\t\t\t\t\t\t\t\t<\/div>\n\t\t\t\t<\/div>\n\t\t\t\t\t<\/div>\n\t\t<\/div>\n\t\t\t\t\t\t\t<\/div>\n\t\t<\/section>\n\t\t\t\t\t\t<\/div>\n\t\t\t\t\t<\/div>\n\t\t","protected":false},"excerpt":{"rendered":"<p>\u041e \u043d\u0430\u0441 \u041c\u044b \u043f\u0440\u043e\u0444\u0435\u0441\u0441\u0438\u043e\u043d\u0430\u043b\u044b \u0432 \u043e\u0431\u043b\u0430\u0441\u0442\u0438 \u0431\u0440\u0438\u043b\u043b\u0438\u0430\u043d\u0442\u043e\u0432 \u2013 \u043f\u0440\u0435\u0434\u0430\u043d\u043d\u044b\u0435 \u0441\u0432\u043e\u0435\u043c\u0443 \u0434\u0435\u043b\u0443 \u0438 \u0441\u0442\u0440\u0430\u0441\u0442\u0438 \u043a \u0431\u043b\u0435\u0441\u0442\u044f\u0449\u0438\u043c \u0438\u0437\u0434\u0435\u043b\u0438\u044f\u043c, \u043b\u0443\u0447\u0448\u0438\u0435 \u0441\u043f\u0435\u0446\u0438\u0430\u043b\u0438\u0441\u0442\u044b \u0432 \u0441\u0432\u043e\u0435\u0439 \u043e\u0431\u043b\u0430\u0441\u0442\u0438 \u0441 \u043c\u043d\u043e\u0433\u043e\u043b\u0435\u0442\u043d\u0438\u043c \u043e\u043f\u044b\u0442\u043e\u043c \u0440\u0430\u0431\u043e\u0442\u044b. \u041c\u044b \u0437\u043d\u0430\u0435\u043c, \u0447\u0442\u043e \u043f\u0440\u0430\u0432\u0438\u043b\u044c\u043d\u043e \u043f\u043e\u0434\u043e\u0431\u0440\u0430\u043d\u043d\u044b\u0435 \u0431\u0440\u0438\u043b\u043b\u0438\u0430\u043d\u0442\u044b \u0441\u043e\u0437\u0434\u0430\u044e\u0442, \u0434\u043e\u043f\u043e\u043b\u043d\u044f\u044e\u0442 \u0438 \u0433\u0430\u0440\u043c\u043e\u043d\u0438\u0437\u0438\u0440\u0443\u044e\u0442 \u043a\u0430\u043a \u0445\u0430\u0440\u0430\u043a\u0442\u0435\u0440, \u0442\u0430\u043a \u0438 \u044d\u043a\u0441\u0442\u0435\u0440\u044c\u0435\u0440. \u041c\u044b \u0432\u0435\u0440\u0438\u043c, \u0447\u0442\u043e \u0434\u0440\u0430\u0433\u043e\u0446\u0435\u043d\u043d\u044b\u0435 \u043a\u0430\u043c\u043d\u0438 \u0441\u0438\u043c\u0432\u043e\u043b\u0438\u0437\u0438\u0440\u0443\u044e\u0442 \u0441\u0438\u043b\u0443, \u0432\u044b\u043d\u043e\u0441\u043b\u0438\u0432\u043e\u0441\u0442\u044c, \u043a\u0440\u0430\u0441\u043e\u0442\u0443, \u0442\u043e\u043d\u043a\u043e\u0441\u0442\u044c, \u0441\u0438\u043b\u0443 \u0432\u043e\u043b\u0438 \u0438 \u043c\u043d\u043e\u0433\u043e\u0435 \u0434\u0440\u0443\u0433\u043e\u0435. &hellip;<\/p>\n<p class=\"read-more\"> <a class=\"\" href=\"https:\/\/luckydiamonds.lt\/ru\/%d0%be-%d0%bd%d0%b0%d1%81\/\"> <span class=\"screen-reader-text\">\u041e \u043d\u0430\u0441<\/span> Read More &raquo;<\/a><\/p>\n","protected":false},"author":2,"featured_media":0,"parent":0,"menu_order":0,"comment_status":"closed","ping_status":"closed","template":"","meta":[],"_links":{"self":[{"href":"https:\/\/luckydiamonds.lt\/ru\/wp-json\/wp\/v2\/pages\/10178"}],"collection":[{"href":"https:\/\/luckydiamonds.lt\/ru\/wp-json\/wp\/v2\/pages"}],"about":[{"href":"https:\/\/luckydiamonds.lt\/ru\/wp-json\/wp\/v2\/types\/page"}],"author":[{"embeddable":true,"href":"https:\/\/luckydiamonds.lt\/ru\/wp-json\/wp\/v2\/users\/2"}],"replies":[{"embeddable":true,"href":"https:\/\/luckydiamonds.lt\/ru\/wp-json\/wp\/v2\/comments?post=10178"}],"version-history":[{"count":9,"href":"https:\/\/luckydiamonds.lt\/ru\/wp-json\/wp\/v2\/pages\/10178\/revisions"}],"predecessor-version":[{"id":10438,"href":"https:\/\/luckydiamonds.lt\/ru\/wp-json\/wp\/v2\/pages\/10178\/revisions\/10438"}],"wp:attachment":[{"href":"https:\/\/luckydiamonds.lt\/ru\/wp-json\/wp\/v2\/media?parent=10178"}],"curies":[{"name":"wp","href":"https:\/\/api.w.org\/{rel}","templated":true}]}}